{"id":32818,"date":"2025-11-10T11:43:31","date_gmt":"2025-11-10T10:43:31","guid":{"rendered":"https:\/\/www.ernstbrunn-apotheke.at\/katalog\/produkt\/btonic-terra-liver-60-stk\/"},"modified":"2025-12-08T15:22:21","modified_gmt":"2025-12-08T14:22:21","slug":"btonic-terra-liver-60-stk","status":"publish","type":"product","link":"https:\/\/www.ernstbrunn-apotheke.at\/katalog\/produkt\/btonic-terra-liver-60-stk\/","title":{"rendered":"B!TONIC Terra Liver 60 Stk."},"content":{"rendered":"<p>B!TONIC Terra Liver mit Turmeric-Komplex tr\u00e4gt zu einer gesunden Leberfunktion bei, unterst\u00fctzt bei erh\u00f6htem Cholesterinspiegel und f\u00f6rdert die Verdauung nach fettreichem Essen.<\/p>\n","protected":false},"excerpt":{"rendered":"<p>B!TONIC Terra Liver mit Turmeric-Komplex tr\u00e4gt zu einer gesunden Leberfunktion bei, unterst\u00fctzt bei erh\u00f6htem Cholesterinspiegel und f\u00f6rdert die Verdauung nach fettreichem Essen.<\/p>\n","protected":false},"featured_media":32820,"template":"","meta":{"_acf_changed":false},"product_brand":[],"product_cat":[802],"product_tag":[],"class_list":{"0":"post-32818","1":"product","2":"type-product","3":"status-publish","4":"has-post-thumbnail","6":"product_cat-b","7":"pa_packungsgroesse-60-stueck","9":"first","10":"instock","11":"shipping-taxable","12":"purchasable","13":"product-type-simple"},"acf":[],"_links":{"self":[{"href":"https:\/\/www.ernstbrunn-apotheke.at\/katalog\/wp-json\/wp\/v2\/product\/32818","targetHints":{"allow":["GET"]}}],"collection":[{"href":"https:\/\/www.ernstbrunn-apotheke.at\/katalog\/wp-json\/wp\/v2\/product"}],"about":[{"href":"https:\/\/www.ernstbrunn-apotheke.at\/katalog\/wp-json\/wp\/v2\/types\/product"}],"wp:featuredmedia":[{"embeddable":true,"href":"https:\/\/www.ernstbrunn-apotheke.at\/katalog\/wp-json\/wp\/v2\/media\/32820"}],"wp:attachment":[{"href":"https:\/\/www.ernstbrunn-apotheke.at\/katalog\/wp-json\/wp\/v2\/media?parent=32818"}],"wp:term":[{"taxonomy":"product_brand","embeddable":true,"href":"https:\/\/www.ernstbrunn-apotheke.at\/katalog\/wp-json\/wp\/v2\/product_brand?post=32818"},{"taxonomy":"product_cat","embeddable":true,"href":"https:\/\/www.ernstbrunn-apotheke.at\/katalog\/wp-json\/wp\/v2\/product_cat?post=32818"},{"taxonomy":"product_tag","embeddable":true,"href":"https:\/\/www.ernstbrunn-apotheke.at\/katalog\/wp-json\/wp\/v2\/product_tag?post=32818"}],"curies":[{"name":"wp","href":"https:\/\/api.w.org\/{rel}","templated":true}]}}