{"id":32810,"date":"2025-11-10T11:43:19","date_gmt":"2025-11-10T10:43:19","guid":{"rendered":"https:\/\/www.ernstbrunn-apotheke.at\/katalog\/produkt\/bitter-elixier-180-ml\/"},"modified":"2025-12-08T15:22:19","modified_gmt":"2025-12-08T14:22:19","slug":"bitter-elixier-180-ml","status":"publish","type":"product","link":"https:\/\/www.ernstbrunn-apotheke.at\/katalog\/produkt\/bitter-elixier-180-ml\/","title":{"rendered":"Bitter Elixier 180 ml"},"content":{"rendered":"<p>Bitter Elixier ist ein anthroposophisches Arzneimittel bei Erkrankungen der Verdauungsorgane. Enzian und Wermut geh\u00f6ren zu den Bitterkr\u00e4utern. Im Bitter Elixier sind sie mit dem w\u00fcrzigen Ingwer zu einer wirkungsvollen Verdauungshilfe vereint.<\/p>\n","protected":false},"excerpt":{"rendered":"<p>Bitter Elixier ist ein anthroposophisches Arzneimittel bei Erkrankungen der Verdauungsorgane. Enzian und Wermut geh\u00f6ren zu den Bitterkr\u00e4utern. Im Bitter Elixier sind sie mit dem w\u00fcrzigen Ingwer zu einer wirkungsvollen Verdauungshilfe vereint.<\/p>\n","protected":false},"featured_media":32812,"template":"","meta":{"_acf_changed":false},"product_brand":[866],"product_cat":[802],"product_tag":[],"class_list":{"0":"post-32810","1":"product","2":"type-product","3":"status-publish","4":"has-post-thumbnail","6":"product_brand-wala","7":"product_cat-b","8":"pa_packungsgroesse-180ml","10":"first","11":"instock","12":"shipping-taxable","13":"purchasable","14":"product-type-simple"},"acf":[],"_links":{"self":[{"href":"https:\/\/www.ernstbrunn-apotheke.at\/katalog\/wp-json\/wp\/v2\/product\/32810","targetHints":{"allow":["GET"]}}],"collection":[{"href":"https:\/\/www.ernstbrunn-apotheke.at\/katalog\/wp-json\/wp\/v2\/product"}],"about":[{"href":"https:\/\/www.ernstbrunn-apotheke.at\/katalog\/wp-json\/wp\/v2\/types\/product"}],"wp:featuredmedia":[{"embeddable":true,"href":"https:\/\/www.ernstbrunn-apotheke.at\/katalog\/wp-json\/wp\/v2\/media\/32812"}],"wp:attachment":[{"href":"https:\/\/www.ernstbrunn-apotheke.at\/katalog\/wp-json\/wp\/v2\/media?parent=32810"}],"wp:term":[{"taxonomy":"product_brand","embeddable":true,"href":"https:\/\/www.ernstbrunn-apotheke.at\/katalog\/wp-json\/wp\/v2\/product_brand?post=32810"},{"taxonomy":"product_cat","embeddable":true,"href":"https:\/\/www.ernstbrunn-apotheke.at\/katalog\/wp-json\/wp\/v2\/product_cat?post=32810"},{"taxonomy":"product_tag","embeddable":true,"href":"https:\/\/www.ernstbrunn-apotheke.at\/katalog\/wp-json\/wp\/v2\/product_tag?post=32810"}],"curies":[{"name":"wp","href":"https:\/\/api.w.org\/{rel}","templated":true}]}}