{"id":32763,"date":"2025-11-10T11:42:33","date_gmt":"2025-11-10T10:42:33","guid":{"rendered":"https:\/\/www.ernstbrunn-apotheke.at\/katalog\/produkt\/drapal-artischocken-saft\/"},"modified":"2025-12-08T15:22:09","modified_gmt":"2025-12-08T14:22:09","slug":"drapal-artischocken-saft","status":"publish","type":"product","link":"https:\/\/www.ernstbrunn-apotheke.at\/katalog\/produkt\/drapal-artischocken-saft\/","title":{"rendered":"Drapal Artischocken Saft"},"content":{"rendered":"<p>Drapal Artischocken Saft ist zu 100% wirksam und das ganz ohne Chemie. Nat\u00fcrlich ist der Saft auch ohne Konservierungsstoffe, ohne Zuckerzusatz und ohne Alkohol. Reine Natur zum Trinken. Dieses Produkt ist in den Packungsgr\u00f6\u00dfen 200 ml und 3 x 200 ml erh\u00e4ltlich.<\/p>\n","protected":false},"excerpt":{"rendered":"<p>Drapal Artischocken Saft ist zu 100% wirksam und das ganz ohne Chemie. Nat\u00fcrlich ist der Saft auch ohne Konservierungsstoffe, ohne Zuckerzusatz und ohne Alkohol. Reine Natur zum Trinken. Dieses Produkt ist in den Packungsgr\u00f6\u00dfen 200 ml und 3 x 200 ml erh\u00e4ltlich.<\/p>\n","protected":false},"featured_media":32765,"template":"","meta":{"_acf_changed":false},"product_brand":[],"product_cat":[792],"product_tag":[],"class_list":{"0":"post-32763","1":"product","2":"type-product","3":"status-publish","4":"has-post-thumbnail","6":"product_cat-d","7":"pa_farbe-braun","8":"pa_geschmack-artischocke-bitter","9":"pa_packungsgroesse-3-x-200-ml","11":"first","12":"instock","13":"shipping-taxable","14":"purchasable","15":"product-type-simple"},"acf":[],"_links":{"self":[{"href":"https:\/\/www.ernstbrunn-apotheke.at\/katalog\/wp-json\/wp\/v2\/product\/32763","targetHints":{"allow":["GET"]}}],"collection":[{"href":"https:\/\/www.ernstbrunn-apotheke.at\/katalog\/wp-json\/wp\/v2\/product"}],"about":[{"href":"https:\/\/www.ernstbrunn-apotheke.at\/katalog\/wp-json\/wp\/v2\/types\/product"}],"wp:featuredmedia":[{"embeddable":true,"href":"https:\/\/www.ernstbrunn-apotheke.at\/katalog\/wp-json\/wp\/v2\/media\/32765"}],"wp:attachment":[{"href":"https:\/\/www.ernstbrunn-apotheke.at\/katalog\/wp-json\/wp\/v2\/media?parent=32763"}],"wp:term":[{"taxonomy":"product_brand","embeddable":true,"href":"https:\/\/www.ernstbrunn-apotheke.at\/katalog\/wp-json\/wp\/v2\/product_brand?post=32763"},{"taxonomy":"product_cat","embeddable":true,"href":"https:\/\/www.ernstbrunn-apotheke.at\/katalog\/wp-json\/wp\/v2\/product_cat?post=32763"},{"taxonomy":"product_tag","embeddable":true,"href":"https:\/\/www.ernstbrunn-apotheke.at\/katalog\/wp-json\/wp\/v2\/product_tag?post=32763"}],"curies":[{"name":"wp","href":"https:\/\/api.w.org\/{rel}","templated":true}]}}