{"id":32699,"date":"2025-11-10T11:41:14","date_gmt":"2025-11-10T10:41:14","guid":{"rendered":"https:\/\/www.ernstbrunn-apotheke.at\/katalog\/produkt\/the-nutri-store-galgant-presslinge-75-mg-tabletten-300-stk\/"},"modified":"2025-12-08T15:21:58","modified_gmt":"2025-12-08T14:21:58","slug":"the-nutri-store-galgant-presslinge-75-mg-tabletten-300-stk","status":"publish","type":"product","link":"https:\/\/www.ernstbrunn-apotheke.at\/katalog\/produkt\/the-nutri-store-galgant-presslinge-75-mg-tabletten-300-stk\/","title":{"rendered":"The Nutri Store Galgant Presslinge 75 mg Tabletten 300 Stk."},"content":{"rendered":"<p>The Nutri Store Galgant Presslinge 75 mg Tabletten enthalten 75 mg Galgantwurzelpulver. Bereits 6 Presslinge erg\u00e4nzen die t\u00e4gliche Ern\u00e4hrung mit den wertvollen Pflanzeninhaltsstoffen der Galgantwurzel.<\/p>\n","protected":false},"excerpt":{"rendered":"<p>The Nutri Store Galgant Presslinge 75 mg Tabletten enthalten 75 mg Galgantwurzelpulver. Bereits 6 Presslinge erg\u00e4nzen die t\u00e4gliche Ern\u00e4hrung mit den wertvollen Pflanzeninhaltsstoffen der Galgantwurzel.<\/p>\n","protected":false},"featured_media":32701,"template":"","meta":{"_acf_changed":false},"product_brand":[],"product_cat":[798],"product_tag":[],"class_list":{"0":"post-32699","1":"product","2":"type-product","3":"status-publish","4":"has-post-thumbnail","6":"product_cat-t","7":"pa_packungsgroesse-300-stueck","9":"first","10":"instock","11":"shipping-taxable","12":"purchasable","13":"product-type-simple"},"acf":[],"_links":{"self":[{"href":"https:\/\/www.ernstbrunn-apotheke.at\/katalog\/wp-json\/wp\/v2\/product\/32699","targetHints":{"allow":["GET"]}}],"collection":[{"href":"https:\/\/www.ernstbrunn-apotheke.at\/katalog\/wp-json\/wp\/v2\/product"}],"about":[{"href":"https:\/\/www.ernstbrunn-apotheke.at\/katalog\/wp-json\/wp\/v2\/types\/product"}],"wp:featuredmedia":[{"embeddable":true,"href":"https:\/\/www.ernstbrunn-apotheke.at\/katalog\/wp-json\/wp\/v2\/media\/32701"}],"wp:attachment":[{"href":"https:\/\/www.ernstbrunn-apotheke.at\/katalog\/wp-json\/wp\/v2\/media?parent=32699"}],"wp:term":[{"taxonomy":"product_brand","embeddable":true,"href":"https:\/\/www.ernstbrunn-apotheke.at\/katalog\/wp-json\/wp\/v2\/product_brand?post=32699"},{"taxonomy":"product_cat","embeddable":true,"href":"https:\/\/www.ernstbrunn-apotheke.at\/katalog\/wp-json\/wp\/v2\/product_cat?post=32699"},{"taxonomy":"product_tag","embeddable":true,"href":"https:\/\/www.ernstbrunn-apotheke.at\/katalog\/wp-json\/wp\/v2\/product_tag?post=32699"}],"curies":[{"name":"wp","href":"https:\/\/api.w.org\/{rel}","templated":true}]}}