{"id":32630,"date":"2025-11-10T11:40:10","date_gmt":"2025-11-10T10:40:10","guid":{"rendered":"https:\/\/www.ernstbrunn-apotheke.at\/katalog\/produkt\/figureform-pro-leber-90-stk\/"},"modified":"2025-12-08T15:21:41","modified_gmt":"2025-12-08T14:21:41","slug":"figureform-pro-leber-90-stk","status":"publish","type":"product","link":"https:\/\/www.ernstbrunn-apotheke.at\/katalog\/produkt\/figureform-pro-leber-90-stk\/","title":{"rendered":"Figureform Pro Leber 90 Stk."},"content":{"rendered":"<p>Figureform Pro Leber tr\u00e4gt zur Unterst\u00fctzung von Leber und Galle bei. Artischockenblatt, L\u00f6wenzahnblatt, Kardobenediktenkraut und Ysopkraut dienen zur Unterst\u00fctzung der Leber- und Gallenfunktion. Mariendistelfrucht und Kurkuma unterst\u00fctzen die Leber. Zink tr\u00e4gt dazu bei, die Zellen vor oxidativem Stress zu sch\u00fctzen. Vitamin B12 tr\u00e4gt zu einem normalen Energiestoffwechsel bei.<\/p>\n","protected":false},"excerpt":{"rendered":"<p>Figureform Pro Leber tr\u00e4gt zur Unterst\u00fctzung von Leber und Galle bei. Artischockenblatt, L\u00f6wenzahnblatt, Kardobenediktenkraut und Ysopkraut dienen zur Unterst\u00fctzung der Leber- und Gallenfunktion. Mariendistelfrucht und Kurkuma unterst\u00fctzen die Leber. Zink tr\u00e4gt dazu bei, die Zellen vor oxidativem Stress zu sch\u00fctzen. Vitamin B12 tr\u00e4gt zu einem normalen Energiestoffwechsel bei.<\/p>\n","protected":false},"featured_media":32632,"template":"","meta":{"_acf_changed":false},"product_brand":[],"product_cat":[809],"product_tag":[],"class_list":{"0":"post-32630","1":"product","2":"type-product","3":"status-publish","4":"has-post-thumbnail","6":"product_cat-f","7":"pa_packungsgroesse-90-stueck","9":"first","10":"instock","11":"shipping-taxable","12":"purchasable","13":"product-type-simple"},"acf":[],"_links":{"self":[{"href":"https:\/\/www.ernstbrunn-apotheke.at\/katalog\/wp-json\/wp\/v2\/product\/32630","targetHints":{"allow":["GET"]}}],"collection":[{"href":"https:\/\/www.ernstbrunn-apotheke.at\/katalog\/wp-json\/wp\/v2\/product"}],"about":[{"href":"https:\/\/www.ernstbrunn-apotheke.at\/katalog\/wp-json\/wp\/v2\/types\/product"}],"wp:featuredmedia":[{"embeddable":true,"href":"https:\/\/www.ernstbrunn-apotheke.at\/katalog\/wp-json\/wp\/v2\/media\/32632"}],"wp:attachment":[{"href":"https:\/\/www.ernstbrunn-apotheke.at\/katalog\/wp-json\/wp\/v2\/media?parent=32630"}],"wp:term":[{"taxonomy":"product_brand","embeddable":true,"href":"https:\/\/www.ernstbrunn-apotheke.at\/katalog\/wp-json\/wp\/v2\/product_brand?post=32630"},{"taxonomy":"product_cat","embeddable":true,"href":"https:\/\/www.ernstbrunn-apotheke.at\/katalog\/wp-json\/wp\/v2\/product_cat?post=32630"},{"taxonomy":"product_tag","embeddable":true,"href":"https:\/\/www.ernstbrunn-apotheke.at\/katalog\/wp-json\/wp\/v2\/product_tag?post=32630"}],"curies":[{"name":"wp","href":"https:\/\/api.w.org\/{rel}","templated":true}]}}