{"id":32595,"date":"2025-11-10T11:39:33","date_gmt":"2025-11-10T10:39:33","guid":{"rendered":"https:\/\/www.ernstbrunn-apotheke.at\/katalog\/produkt\/riviera-original-schwedenbitter-lm\/"},"modified":"2025-12-08T15:21:33","modified_gmt":"2025-12-08T14:21:33","slug":"riviera-original-schwedenbitter-lm","status":"publish","type":"product","link":"https:\/\/www.ernstbrunn-apotheke.at\/katalog\/produkt\/riviera-original-schwedenbitter-lm\/","title":{"rendered":"Riviera Original Schwedenbitter LM"},"content":{"rendered":"<p>Riviera Original Schwedenbitter ist ein traditionelles pflanzliches Lebensmittel zur Anwendung bei leichten Verdauungsbeschwerden (wie V\u00f6llegef\u00fchl, Bl\u00e4hungen) und Appetitlosigkeit.<\/p>\n","protected":false},"excerpt":{"rendered":"<p>Riviera Original Schwedenbitter ist ein traditionelles pflanzliches Lebensmittel zur Anwendung bei leichten Verdauungsbeschwerden (wie V\u00f6llegef\u00fchl, Bl\u00e4hungen) und Appetitlosigkeit.<\/p>\n","protected":false},"featured_media":32597,"template":"","meta":{"_acf_changed":false},"product_brand":[303],"product_cat":[808],"product_tag":[],"class_list":{"0":"post-32595","1":"product","2":"type-product","3":"status-publish","4":"has-post-thumbnail","6":"product_brand-riviera","7":"product_cat-r","8":"pa_packungsgroesse-100ml","9":"pa_packungsgroesse-250ml","11":"first","12":"instock","13":"shipping-taxable","14":"purchasable","15":"product-type-simple"},"acf":[],"_links":{"self":[{"href":"https:\/\/www.ernstbrunn-apotheke.at\/katalog\/wp-json\/wp\/v2\/product\/32595","targetHints":{"allow":["GET"]}}],"collection":[{"href":"https:\/\/www.ernstbrunn-apotheke.at\/katalog\/wp-json\/wp\/v2\/product"}],"about":[{"href":"https:\/\/www.ernstbrunn-apotheke.at\/katalog\/wp-json\/wp\/v2\/types\/product"}],"wp:featuredmedia":[{"embeddable":true,"href":"https:\/\/www.ernstbrunn-apotheke.at\/katalog\/wp-json\/wp\/v2\/media\/32597"}],"wp:attachment":[{"href":"https:\/\/www.ernstbrunn-apotheke.at\/katalog\/wp-json\/wp\/v2\/media?parent=32595"}],"wp:term":[{"taxonomy":"product_brand","embeddable":true,"href":"https:\/\/www.ernstbrunn-apotheke.at\/katalog\/wp-json\/wp\/v2\/product_brand?post=32595"},{"taxonomy":"product_cat","embeddable":true,"href":"https:\/\/www.ernstbrunn-apotheke.at\/katalog\/wp-json\/wp\/v2\/product_cat?post=32595"},{"taxonomy":"product_tag","embeddable":true,"href":"https:\/\/www.ernstbrunn-apotheke.at\/katalog\/wp-json\/wp\/v2\/product_tag?post=32595"}],"curies":[{"name":"wp","href":"https:\/\/api.w.org\/{rel}","templated":true}]}}