{"id":32591,"date":"2025-11-10T11:39:33","date_gmt":"2025-11-10T10:39:33","guid":{"rendered":"https:\/\/www.ernstbrunn-apotheke.at\/katalog\/produkt\/carmol-tropfen-80-ml\/"},"modified":"2025-12-08T15:21:32","modified_gmt":"2025-12-08T14:21:32","slug":"carmol-tropfen-80-ml","status":"publish","type":"product","link":"https:\/\/www.ernstbrunn-apotheke.at\/katalog\/produkt\/carmol-tropfen-80-ml\/","title":{"rendered":"Carmol Tropfen 80 ml"},"content":{"rendered":"<p>Carmol Tropfen werden zur Unterst\u00fctzung der Verdauungsfunktion und zur Besserung des Befindens bei Unwohlsein eingesetzt. Nutzen Sie die bew\u00e4hrte Heilpflanzenkombination, wann immer Sie sich unwohl f\u00fchlen. Schon wenige Tropfen helfen bei Magenbeschwerden, Nervosit\u00e4t, Einschlafschwierigkeiten, Reisebeschwerden oder auch Kopfschmerzen. Diese Tropfen erhalten Sie in den Packungsgr\u00f6\u00dfen 20 ml, 40 ml, 80 ml und 160 ml.<\/p>\n","protected":false},"excerpt":{"rendered":"<p>Carmol Tropfen werden zur Unterst\u00fctzung der Verdauungsfunktion und zur Besserung des Befindens bei Unwohlsein eingesetzt. Nutzen Sie die bew\u00e4hrte Heilpflanzenkombination, wann immer Sie sich unwohl f\u00fchlen. Schon wenige Tropfen helfen bei Magenbeschwerden, Nervosit\u00e4t, Einschlafschwierigkeiten, Reisebeschwerden oder auch Kopfschmerzen. Diese Tropfen erhalten Sie in den Packungsgr\u00f6\u00dfen 20 ml, 40 ml, 80 ml und 160 ml.<\/p>\n","protected":false},"featured_media":32593,"template":"","meta":{"_acf_changed":false},"product_brand":[],"product_cat":[812],"product_tag":[],"class_list":{"0":"post-32591","1":"product","2":"type-product","3":"status-publish","4":"has-post-thumbnail","6":"product_cat-c","7":"pa_packungsgroesse-20ml","8":"pa_packungsgroesse-40ml","9":"pa_packungsgroesse-80ml","11":"first","12":"instock","13":"shipping-taxable","14":"purchasable","15":"product-type-simple"},"acf":[],"_links":{"self":[{"href":"https:\/\/www.ernstbrunn-apotheke.at\/katalog\/wp-json\/wp\/v2\/product\/32591","targetHints":{"allow":["GET"]}}],"collection":[{"href":"https:\/\/www.ernstbrunn-apotheke.at\/katalog\/wp-json\/wp\/v2\/product"}],"about":[{"href":"https:\/\/www.ernstbrunn-apotheke.at\/katalog\/wp-json\/wp\/v2\/types\/product"}],"wp:featuredmedia":[{"embeddable":true,"href":"https:\/\/www.ernstbrunn-apotheke.at\/katalog\/wp-json\/wp\/v2\/media\/32593"}],"wp:attachment":[{"href":"https:\/\/www.ernstbrunn-apotheke.at\/katalog\/wp-json\/wp\/v2\/media?parent=32591"}],"wp:term":[{"taxonomy":"product_brand","embeddable":true,"href":"https:\/\/www.ernstbrunn-apotheke.at\/katalog\/wp-json\/wp\/v2\/product_brand?post=32591"},{"taxonomy":"product_cat","embeddable":true,"href":"https:\/\/www.ernstbrunn-apotheke.at\/katalog\/wp-json\/wp\/v2\/product_cat?post=32591"},{"taxonomy":"product_tag","embeddable":true,"href":"https:\/\/www.ernstbrunn-apotheke.at\/katalog\/wp-json\/wp\/v2\/product_tag?post=32591"}],"curies":[{"name":"wp","href":"https:\/\/api.w.org\/{rel}","templated":true}]}}