{"id":32576,"date":"2025-11-10T11:39:14","date_gmt":"2025-11-10T10:39:14","guid":{"rendered":"https:\/\/www.ernstbrunn-apotheke.at\/katalog\/produkt\/gallesyn-dragees-50-stk\/"},"modified":"2025-12-08T15:21:30","modified_gmt":"2025-12-08T14:21:30","slug":"gallesyn-dragees-50-stk","status":"publish","type":"product","link":"https:\/\/www.ernstbrunn-apotheke.at\/katalog\/produkt\/gallesyn-dragees-50-stk\/","title":{"rendered":"Gallesyn Dragees 50 Stk."},"content":{"rendered":"<p>Gallesyn Dragees sind ein pflanzliches Mittel zur Behandlung von Erkrankungen und Einschr\u00e4nkungen des Gallensystems. Sie regen die Verdauung an und lindern dadurch Bl\u00e4hungen und Kr\u00e4mpfe des Verdauungstrakts. Gallesyn Tropfen werden aber auch bei gest\u00f6rter Gallenbildung und \u2013abgabe eingesetzt, sowie nach Gallensteinerkrankungen und nachfolgenden Verdauungsst\u00f6rungen.<\/p>\n","protected":false},"excerpt":{"rendered":"<p>Gallesyn Dragees sind ein pflanzliches Mittel zur Behandlung von Erkrankungen und Einschr\u00e4nkungen des Gallensystems. Sie regen die Verdauung an und lindern dadurch Bl\u00e4hungen und Kr\u00e4mpfe des Verdauungstrakts. Gallesyn Tropfen werden aber auch bei gest\u00f6rter Gallenbildung und \u2013abgabe eingesetzt, sowie nach Gallensteinerkrankungen und nachfolgenden Verdauungsst\u00f6rungen.<\/p>\n","protected":false},"featured_media":32578,"template":"","meta":{"_acf_changed":false},"product_brand":[],"product_cat":[810],"product_tag":[],"class_list":{"0":"post-32576","1":"product","2":"type-product","3":"status-publish","4":"has-post-thumbnail","6":"product_cat-g","7":"pa_packungsgroesse-50-stueck","9":"first","10":"instock","11":"shipping-taxable","12":"purchasable","13":"product-type-simple"},"acf":[],"_links":{"self":[{"href":"https:\/\/www.ernstbrunn-apotheke.at\/katalog\/wp-json\/wp\/v2\/product\/32576","targetHints":{"allow":["GET"]}}],"collection":[{"href":"https:\/\/www.ernstbrunn-apotheke.at\/katalog\/wp-json\/wp\/v2\/product"}],"about":[{"href":"https:\/\/www.ernstbrunn-apotheke.at\/katalog\/wp-json\/wp\/v2\/types\/product"}],"wp:featuredmedia":[{"embeddable":true,"href":"https:\/\/www.ernstbrunn-apotheke.at\/katalog\/wp-json\/wp\/v2\/media\/32578"}],"wp:attachment":[{"href":"https:\/\/www.ernstbrunn-apotheke.at\/katalog\/wp-json\/wp\/v2\/media?parent=32576"}],"wp:term":[{"taxonomy":"product_brand","embeddable":true,"href":"https:\/\/www.ernstbrunn-apotheke.at\/katalog\/wp-json\/wp\/v2\/product_brand?post=32576"},{"taxonomy":"product_cat","embeddable":true,"href":"https:\/\/www.ernstbrunn-apotheke.at\/katalog\/wp-json\/wp\/v2\/product_cat?post=32576"},{"taxonomy":"product_tag","embeddable":true,"href":"https:\/\/www.ernstbrunn-apotheke.at\/katalog\/wp-json\/wp\/v2\/product_tag?post=32576"}],"curies":[{"name":"wp","href":"https:\/\/api.w.org\/{rel}","templated":true}]}}