{"id":32520,"date":"2025-11-10T11:38:15","date_gmt":"2025-11-10T10:38:15","guid":{"rendered":"https:\/\/www.ernstbrunn-apotheke.at\/katalog\/produkt\/riviera-original-schwedenbitter-1-l\/"},"modified":"2025-12-08T15:21:17","modified_gmt":"2025-12-08T14:21:17","slug":"riviera-original-schwedenbitter-1-l","status":"publish","type":"product","link":"https:\/\/www.ernstbrunn-apotheke.at\/katalog\/produkt\/riviera-original-schwedenbitter-1-l\/","title":{"rendered":"Riviera Original Schwedenbitter 1 L"},"content":{"rendered":"<p>Riviera Original Schwedenbitter ist ein traditionelles pflanzliches Arzneimittel zur Anwendung bei leichten Verdauungsbeschwerden (wie V\u00f6llegef\u00fchl, Bl\u00e4hungen) und Appetitlosigkeit. Dieses Produkt erhalten Sie in den Packungsgr\u00f6\u00dfen 250 ml, 500 ml und 1 l.<\/p>\n","protected":false},"excerpt":{"rendered":"<p>Riviera Original Schwedenbitter ist ein traditionelles pflanzliches Arzneimittel zur Anwendung bei leichten Verdauungsbeschwerden (wie V\u00f6llegef\u00fchl, Bl\u00e4hungen) und Appetitlosigkeit. Dieses Produkt erhalten Sie in den Packungsgr\u00f6\u00dfen 250 ml, 500 ml und 1 l.<\/p>\n","protected":false},"featured_media":32522,"template":"","meta":{"_acf_changed":false},"product_brand":[303],"product_cat":[808],"product_tag":[],"class_list":{"0":"post-32520","1":"product","2":"type-product","3":"status-publish","4":"has-post-thumbnail","6":"product_brand-riviera","7":"product_cat-r","8":"pa_packungsgroesse-1000ml","10":"first","11":"instock","12":"shipping-taxable","13":"purchasable","14":"product-type-simple"},"acf":[],"_links":{"self":[{"href":"https:\/\/www.ernstbrunn-apotheke.at\/katalog\/wp-json\/wp\/v2\/product\/32520","targetHints":{"allow":["GET"]}}],"collection":[{"href":"https:\/\/www.ernstbrunn-apotheke.at\/katalog\/wp-json\/wp\/v2\/product"}],"about":[{"href":"https:\/\/www.ernstbrunn-apotheke.at\/katalog\/wp-json\/wp\/v2\/types\/product"}],"wp:featuredmedia":[{"embeddable":true,"href":"https:\/\/www.ernstbrunn-apotheke.at\/katalog\/wp-json\/wp\/v2\/media\/32522"}],"wp:attachment":[{"href":"https:\/\/www.ernstbrunn-apotheke.at\/katalog\/wp-json\/wp\/v2\/media?parent=32520"}],"wp:term":[{"taxonomy":"product_brand","embeddable":true,"href":"https:\/\/www.ernstbrunn-apotheke.at\/katalog\/wp-json\/wp\/v2\/product_brand?post=32520"},{"taxonomy":"product_cat","embeddable":true,"href":"https:\/\/www.ernstbrunn-apotheke.at\/katalog\/wp-json\/wp\/v2\/product_cat?post=32520"},{"taxonomy":"product_tag","embeddable":true,"href":"https:\/\/www.ernstbrunn-apotheke.at\/katalog\/wp-json\/wp\/v2\/product_tag?post=32520"}],"curies":[{"name":"wp","href":"https:\/\/api.w.org\/{rel}","templated":true}]}}