{"id":32478,"date":"2025-11-10T11:37:19","date_gmt":"2025-11-10T10:37:19","guid":{"rendered":"https:\/\/www.ernstbrunn-apotheke.at\/katalog\/produkt\/riviera-original-schwedenbitter-500-ml\/"},"modified":"2025-12-08T15:21:06","modified_gmt":"2025-12-08T14:21:06","slug":"riviera-original-schwedenbitter-500-ml","status":"publish","type":"product","link":"https:\/\/www.ernstbrunn-apotheke.at\/katalog\/produkt\/riviera-original-schwedenbitter-500-ml\/","title":{"rendered":"Riviera Original Schwedenbitter 500 ml"},"content":{"rendered":"<p>Riviera Original Schwedenbitter ist ein traditionelles pflanzliches Arzneimittel zur Anwendung bei leichten Verdauungsbeschwerden (wie V\u00f6llegef\u00fchl, Bl\u00e4hungen) und Appetitlosigkeit.<\/p>\n","protected":false},"excerpt":{"rendered":"<p>Riviera Original Schwedenbitter ist ein traditionelles pflanzliches Arzneimittel zur Anwendung bei leichten Verdauungsbeschwerden (wie V\u00f6llegef\u00fchl, Bl\u00e4hungen) und Appetitlosigkeit.<\/p>\n","protected":false},"featured_media":32480,"template":"","meta":{"_acf_changed":false},"product_brand":[303],"product_cat":[808],"product_tag":[],"class_list":{"0":"post-32478","1":"product","2":"type-product","3":"status-publish","4":"has-post-thumbnail","6":"product_brand-riviera","7":"product_cat-r","8":"pa_packungsgroesse-500ml","10":"first","11":"instock","12":"shipping-taxable","13":"purchasable","14":"product-type-simple"},"acf":[],"_links":{"self":[{"href":"https:\/\/www.ernstbrunn-apotheke.at\/katalog\/wp-json\/wp\/v2\/product\/32478","targetHints":{"allow":["GET"]}}],"collection":[{"href":"https:\/\/www.ernstbrunn-apotheke.at\/katalog\/wp-json\/wp\/v2\/product"}],"about":[{"href":"https:\/\/www.ernstbrunn-apotheke.at\/katalog\/wp-json\/wp\/v2\/types\/product"}],"wp:featuredmedia":[{"embeddable":true,"href":"https:\/\/www.ernstbrunn-apotheke.at\/katalog\/wp-json\/wp\/v2\/media\/32480"}],"wp:attachment":[{"href":"https:\/\/www.ernstbrunn-apotheke.at\/katalog\/wp-json\/wp\/v2\/media?parent=32478"}],"wp:term":[{"taxonomy":"product_brand","embeddable":true,"href":"https:\/\/www.ernstbrunn-apotheke.at\/katalog\/wp-json\/wp\/v2\/product_brand?post=32478"},{"taxonomy":"product_cat","embeddable":true,"href":"https:\/\/www.ernstbrunn-apotheke.at\/katalog\/wp-json\/wp\/v2\/product_cat?post=32478"},{"taxonomy":"product_tag","embeddable":true,"href":"https:\/\/www.ernstbrunn-apotheke.at\/katalog\/wp-json\/wp\/v2\/product_tag?post=32478"}],"curies":[{"name":"wp","href":"https:\/\/api.w.org\/{rel}","templated":true}]}}