{"id":32468,"date":"2025-11-10T11:37:19","date_gmt":"2025-11-10T10:37:19","guid":{"rendered":"https:\/\/www.ernstbrunn-apotheke.at\/katalog\/produkt\/montana-haustropfen\/"},"modified":"2025-12-08T15:21:05","modified_gmt":"2025-12-08T14:21:05","slug":"montana-haustropfen","status":"publish","type":"product","link":"https:\/\/www.ernstbrunn-apotheke.at\/katalog\/produkt\/montana-haustropfen\/","title":{"rendered":"Montana Haustropfen"},"content":{"rendered":"<p>Montana ist ein alt bew\u00e4hrtes Hausmittel bei einer Vielzahl von Magen-Darmbeschwerden wie Verdauungsproblemen, Verstopfung, Appetitlosigkeit, Bl\u00e4hungen oder \u00dcbelkeit.<\/p>\n","protected":false},"excerpt":{"rendered":"<p>Montana ist ein alt bew\u00e4hrtes Hausmittel bei einer Vielzahl von Magen-Darmbeschwerden wie Verdauungsproblemen, Verstopfung, Appetitlosigkeit, Bl\u00e4hungen oder \u00dcbelkeit.<\/p>\n","protected":false},"featured_media":32470,"template":"","meta":{"_acf_changed":false},"product_brand":[],"product_cat":[800],"product_tag":[],"class_list":{"0":"post-32468","1":"product","2":"type-product","3":"status-publish","4":"has-post-thumbnail","6":"product_cat-m","7":"pa_farbe-klar-bis-trueb-rotbraun-bis-dunkelbraun","8":"pa_geschmack-aromatisch","9":"pa_packungsgroesse-500ml","11":"first","12":"instock","13":"shipping-taxable","14":"purchasable","15":"product-type-simple"},"acf":[],"_links":{"self":[{"href":"https:\/\/www.ernstbrunn-apotheke.at\/katalog\/wp-json\/wp\/v2\/product\/32468","targetHints":{"allow":["GET"]}}],"collection":[{"href":"https:\/\/www.ernstbrunn-apotheke.at\/katalog\/wp-json\/wp\/v2\/product"}],"about":[{"href":"https:\/\/www.ernstbrunn-apotheke.at\/katalog\/wp-json\/wp\/v2\/types\/product"}],"wp:featuredmedia":[{"embeddable":true,"href":"https:\/\/www.ernstbrunn-apotheke.at\/katalog\/wp-json\/wp\/v2\/media\/32470"}],"wp:attachment":[{"href":"https:\/\/www.ernstbrunn-apotheke.at\/katalog\/wp-json\/wp\/v2\/media?parent=32468"}],"wp:term":[{"taxonomy":"product_brand","embeddable":true,"href":"https:\/\/www.ernstbrunn-apotheke.at\/katalog\/wp-json\/wp\/v2\/product_brand?post=32468"},{"taxonomy":"product_cat","embeddable":true,"href":"https:\/\/www.ernstbrunn-apotheke.at\/katalog\/wp-json\/wp\/v2\/product_cat?post=32468"},{"taxonomy":"product_tag","embeddable":true,"href":"https:\/\/www.ernstbrunn-apotheke.at\/katalog\/wp-json\/wp\/v2\/product_tag?post=32468"}],"curies":[{"name":"wp","href":"https:\/\/api.w.org\/{rel}","templated":true}]}}