{"id":32430,"date":"2025-11-10T11:36:28","date_gmt":"2025-11-10T10:36:28","guid":{"rendered":"https:\/\/www.ernstbrunn-apotheke.at\/katalog\/produkt\/antiflat-kautabletten-50-stk\/"},"modified":"2025-12-08T15:20:55","modified_gmt":"2025-12-08T14:20:55","slug":"antiflat-kautabletten-50-stk","status":"publish","type":"product","link":"https:\/\/www.ernstbrunn-apotheke.at\/katalog\/produkt\/antiflat-kautabletten-50-stk\/","title":{"rendered":"Antiflat Kautabletten 50 Stk."},"content":{"rendered":"<p>Antiflat Kautabletten helfen bei Beschwerden wie Bl\u00e4hungen, V\u00f6llegef\u00fchl und Spannungsgef\u00fchl im Oberbauch und schaffen ein Gef\u00fchl der Beschwerdefreiheit und Erleichterung.<\/p>\n","protected":false},"excerpt":{"rendered":"<p>Antiflat Kautabletten helfen bei Beschwerden wie Bl\u00e4hungen, V\u00f6llegef\u00fchl und Spannungsgef\u00fchl im Oberbauch und schaffen ein Gef\u00fchl der Beschwerdefreiheit und Erleichterung.<\/p>\n","protected":false},"featured_media":32432,"template":"","meta":{"_acf_changed":false},"product_brand":[],"product_cat":[801],"product_tag":[],"class_list":{"0":"post-32430","1":"product","2":"type-product","3":"status-publish","4":"has-post-thumbnail","6":"product_cat-a","7":"pa_packungsgroesse-30-stueck","8":"pa_packungsgroesse-50-stueck","10":"first","11":"instock","12":"shipping-taxable","13":"purchasable","14":"product-type-simple"},"acf":[],"_links":{"self":[{"href":"https:\/\/www.ernstbrunn-apotheke.at\/katalog\/wp-json\/wp\/v2\/product\/32430","targetHints":{"allow":["GET"]}}],"collection":[{"href":"https:\/\/www.ernstbrunn-apotheke.at\/katalog\/wp-json\/wp\/v2\/product"}],"about":[{"href":"https:\/\/www.ernstbrunn-apotheke.at\/katalog\/wp-json\/wp\/v2\/types\/product"}],"wp:featuredmedia":[{"embeddable":true,"href":"https:\/\/www.ernstbrunn-apotheke.at\/katalog\/wp-json\/wp\/v2\/media\/32432"}],"wp:attachment":[{"href":"https:\/\/www.ernstbrunn-apotheke.at\/katalog\/wp-json\/wp\/v2\/media?parent=32430"}],"wp:term":[{"taxonomy":"product_brand","embeddable":true,"href":"https:\/\/www.ernstbrunn-apotheke.at\/katalog\/wp-json\/wp\/v2\/product_brand?post=32430"},{"taxonomy":"product_cat","embeddable":true,"href":"https:\/\/www.ernstbrunn-apotheke.at\/katalog\/wp-json\/wp\/v2\/product_cat?post=32430"},{"taxonomy":"product_tag","embeddable":true,"href":"https:\/\/www.ernstbrunn-apotheke.at\/katalog\/wp-json\/wp\/v2\/product_tag?post=32430"}],"curies":[{"name":"wp","href":"https:\/\/api.w.org\/{rel}","templated":true}]}}