{"id":32420,"date":"2025-11-10T11:36:28","date_gmt":"2025-11-10T10:36:28","guid":{"rendered":"https:\/\/www.ernstbrunn-apotheke.at\/katalog\/produkt\/iberogast-tropfen\/"},"modified":"2025-12-08T15:20:54","modified_gmt":"2025-12-08T14:20:54","slug":"iberogast-tropfen","status":"publish","type":"product","link":"https:\/\/www.ernstbrunn-apotheke.at\/katalog\/produkt\/iberogast-tropfen\/","title":{"rendered":"Iberogast Tropfen"},"content":{"rendered":"<p>Iberogast ist ein pflanzliches Arzneimittel zur Behandlung von funktionellen und beweglichkeitsbedingten Magen-Darm-Erkrankungen, wie Reizmagen- und Reizdarmsyndrom (mit Symptomen wie V\u00f6llegef\u00fchl, Bl\u00e4hungen, Magen-Darm-Kr\u00e4mpfe, Magenschmerzen, \u00dcbelkeit, Sodbrennen) und zur unterst\u00fctzenden symptomatischen Behandlung bei Gastritis.<\/p>\n","protected":false},"excerpt":{"rendered":"<p>Iberogast ist ein pflanzliches Arzneimittel zur Behandlung von funktionellen und beweglichkeitsbedingten Magen-Darm-Erkrankungen, wie Reizmagen- und Reizdarmsyndrom (mit Symptomen wie V\u00f6llegef\u00fchl, Bl\u00e4hungen, Magen-Darm-Kr\u00e4mpfe, Magenschmerzen, \u00dcbelkeit, Sodbrennen) und zur unterst\u00fctzenden symptomatischen Behandlung bei Gastritis.<\/p>\n","protected":false},"featured_media":32422,"template":"","meta":{"_acf_changed":false},"product_brand":[855],"product_cat":[823],"product_tag":[],"class_list":{"0":"post-32420","1":"product","2":"type-product","3":"status-publish","4":"has-post-thumbnail","6":"product_brand-iberogast","7":"product_cat-i","8":"pa_packungsgroesse-20ml","9":"pa_packungsgroesse-100ml","10":"pa_packungsgroesse-50ml","12":"first","13":"instock","14":"shipping-taxable","15":"purchasable","16":"product-type-simple"},"acf":[],"_links":{"self":[{"href":"https:\/\/www.ernstbrunn-apotheke.at\/katalog\/wp-json\/wp\/v2\/product\/32420","targetHints":{"allow":["GET"]}}],"collection":[{"href":"https:\/\/www.ernstbrunn-apotheke.at\/katalog\/wp-json\/wp\/v2\/product"}],"about":[{"href":"https:\/\/www.ernstbrunn-apotheke.at\/katalog\/wp-json\/wp\/v2\/types\/product"}],"wp:featuredmedia":[{"embeddable":true,"href":"https:\/\/www.ernstbrunn-apotheke.at\/katalog\/wp-json\/wp\/v2\/media\/32422"}],"wp:attachment":[{"href":"https:\/\/www.ernstbrunn-apotheke.at\/katalog\/wp-json\/wp\/v2\/media?parent=32420"}],"wp:term":[{"taxonomy":"product_brand","embeddable":true,"href":"https:\/\/www.ernstbrunn-apotheke.at\/katalog\/wp-json\/wp\/v2\/product_brand?post=32420"},{"taxonomy":"product_cat","embeddable":true,"href":"https:\/\/www.ernstbrunn-apotheke.at\/katalog\/wp-json\/wp\/v2\/product_cat?post=32420"},{"taxonomy":"product_tag","embeddable":true,"href":"https:\/\/www.ernstbrunn-apotheke.at\/katalog\/wp-json\/wp\/v2\/product_tag?post=32420"}],"curies":[{"name":"wp","href":"https:\/\/api.w.org\/{rel}","templated":true}]}}