{"id":32400,"date":"2025-11-10T11:35:47","date_gmt":"2025-11-10T10:35:47","guid":{"rendered":"https:\/\/www.ernstbrunn-apotheke.at\/katalog\/produkt\/tetesept-sodbrennen-akut-kautabletten-20-stk\/"},"modified":"2025-12-08T15:20:51","modified_gmt":"2025-12-08T14:20:51","slug":"tetesept-sodbrennen-akut-kautabletten-20-stk","status":"publish","type":"product","link":"https:\/\/www.ernstbrunn-apotheke.at\/katalog\/produkt\/tetesept-sodbrennen-akut-kautabletten-20-stk\/","title":{"rendered":"Tetesept Sodbrennen Akut Kautabletten 20 Stk."},"content":{"rendered":"<p>Tetesept Sodbrennen Akut Kautabletten stoppen Sodbrennen sofort und k\u00f6nnen auch w\u00e4hrend einer Schwangerschaft eingenommen werden.Stress, fettreiches Essen, scharfe Gew\u00fcrze, Kaffee oder Alkohol kurbeln die Produktion des Magensaftes an. Es entsteht ein S\u00e4ure\u00fcberschuss im Magen. Die Folge sind typische Beschwerden wie Sodbrennen bis in den Rachen, saures Aufsto\u00dfen und ein Druckgef\u00fchl im Magen. Das allgemeine Wohlbefinden wird beeintr\u00e4chtigt.Die tetesept Kautabletten wirken sp\u00fcrbar schnell und effektiv bei Sodbrennen und s\u00e4urebedingten Magenbeschwerden. Sie sind zuckerfrei und gut vertr\u00e4glich. Mit frischer Pfefferminze.Schon beim Kauen werden die hoch dosierten, medizinischen Wirkstoffe Magnesiumoxid und Calciumcarbonat freigesetzt. Dadurch sind diese im Magen direkt verf\u00fcgbar und k\u00f6nnen ihre Wirkung sofort entfalten. Innerhalb weniger Minuten wird die \u00fcbersch\u00fcssige S\u00e4ure im Magen gebunden und neutralisiert. Die Beschwerden klingen schnell und zuverl\u00e4ssig ab..<\/p>\n","protected":false},"excerpt":{"rendered":"<p>Tetesept Sodbrennen Akut Kautabletten stoppen Sodbrennen sofort und k\u00f6nnen auch w\u00e4hrend einer Schwangerschaft eingenommen werden.Stress, fettreiches Essen, scharfe Gew\u00fcrze, Kaffee oder Alkohol kurbeln die Produktion des Magensaftes an. Es entsteht ein S\u00e4ure\u00fcberschuss im Magen. Die Folge sind typische Beschwerden wie Sodbrennen bis in den Rachen, saures Aufsto\u00dfen und ein Druckgef\u00fchl im Magen. Das allgemeine Wohlbefinden [&hellip;]<\/p>\n","protected":false},"featured_media":32402,"template":"","meta":{"_acf_changed":false},"product_brand":[487],"product_cat":[798],"product_tag":[],"class_list":{"0":"post-32400","1":"product","2":"type-product","3":"status-publish","4":"has-post-thumbnail","6":"product_brand-tetesept","7":"product_cat-t","8":"pa_packungsgroesse-20-stueck","10":"first","11":"instock","12":"shipping-taxable","13":"purchasable","14":"product-type-simple"},"acf":[],"_links":{"self":[{"href":"https:\/\/www.ernstbrunn-apotheke.at\/katalog\/wp-json\/wp\/v2\/product\/32400","targetHints":{"allow":["GET"]}}],"collection":[{"href":"https:\/\/www.ernstbrunn-apotheke.at\/katalog\/wp-json\/wp\/v2\/product"}],"about":[{"href":"https:\/\/www.ernstbrunn-apotheke.at\/katalog\/wp-json\/wp\/v2\/types\/product"}],"wp:featuredmedia":[{"embeddable":true,"href":"https:\/\/www.ernstbrunn-apotheke.at\/katalog\/wp-json\/wp\/v2\/media\/32402"}],"wp:attachment":[{"href":"https:\/\/www.ernstbrunn-apotheke.at\/katalog\/wp-json\/wp\/v2\/media?parent=32400"}],"wp:term":[{"taxonomy":"product_brand","embeddable":true,"href":"https:\/\/www.ernstbrunn-apotheke.at\/katalog\/wp-json\/wp\/v2\/product_brand?post=32400"},{"taxonomy":"product_cat","embeddable":true,"href":"https:\/\/www.ernstbrunn-apotheke.at\/katalog\/wp-json\/wp\/v2\/product_cat?post=32400"},{"taxonomy":"product_tag","embeddable":true,"href":"https:\/\/www.ernstbrunn-apotheke.at\/katalog\/wp-json\/wp\/v2\/product_tag?post=32400"}],"curies":[{"name":"wp","href":"https:\/\/api.w.org\/{rel}","templated":true}]}}