{"id":32353,"date":"2025-11-10T11:34:51","date_gmt":"2025-11-10T10:34:51","guid":{"rendered":"https:\/\/www.ernstbrunn-apotheke.at\/katalog\/produkt\/riopan-800-mg-kautabletten\/"},"modified":"2025-12-08T15:22:15","modified_gmt":"2025-12-08T14:22:15","slug":"riopan-800-mg-kautabletten","status":"publish","type":"product","link":"https:\/\/www.ernstbrunn-apotheke.at\/katalog\/produkt\/riopan-800-mg-kautabletten\/","title":{"rendered":"Riopan 800 mg-Kautabletten"},"content":{"rendered":"<p>Riopan 800 mg Kautabletten enth\u00e4lt den Wirkstoff Magaldrat und bindet \u00fcbersch\u00fcssige Magens\u00e4ure. Die Wirkung von Riopan h\u00e4lt meist mehrere Stunden an.<\/p>\n","protected":false},"excerpt":{"rendered":"<p>Riopan 800 mg Kautabletten enth\u00e4lt den Wirkstoff Magaldrat und bindet \u00fcbersch\u00fcssige Magens\u00e4ure. Die Wirkung von Riopan h\u00e4lt meist mehrere Stunden an.<\/p>\n","protected":false},"featured_media":32355,"template":"","meta":{"_acf_changed":false},"product_brand":[],"product_cat":[808],"product_tag":[],"class_list":{"0":"post-32353","1":"product","2":"type-product","3":"status-publish","4":"has-post-thumbnail","6":"product_cat-r","7":"pa_geschmack-karamell","8":"pa_packungsgroesse-20-stueck","9":"pa_packungsgroesse-50-stueck","11":"first","12":"instock","13":"shipping-taxable","14":"purchasable","15":"product-type-variable"},"acf":[],"_links":{"self":[{"href":"https:\/\/www.ernstbrunn-apotheke.at\/katalog\/wp-json\/wp\/v2\/product\/32353","targetHints":{"allow":["GET"]}}],"collection":[{"href":"https:\/\/www.ernstbrunn-apotheke.at\/katalog\/wp-json\/wp\/v2\/product"}],"about":[{"href":"https:\/\/www.ernstbrunn-apotheke.at\/katalog\/wp-json\/wp\/v2\/types\/product"}],"wp:featuredmedia":[{"embeddable":true,"href":"https:\/\/www.ernstbrunn-apotheke.at\/katalog\/wp-json\/wp\/v2\/media\/32355"}],"wp:attachment":[{"href":"https:\/\/www.ernstbrunn-apotheke.at\/katalog\/wp-json\/wp\/v2\/media?parent=32353"}],"wp:term":[{"taxonomy":"product_brand","embeddable":true,"href":"https:\/\/www.ernstbrunn-apotheke.at\/katalog\/wp-json\/wp\/v2\/product_brand?post=32353"},{"taxonomy":"product_cat","embeddable":true,"href":"https:\/\/www.ernstbrunn-apotheke.at\/katalog\/wp-json\/wp\/v2\/product_cat?post=32353"},{"taxonomy":"product_tag","embeddable":true,"href":"https:\/\/www.ernstbrunn-apotheke.at\/katalog\/wp-json\/wp\/v2\/product_tag?post=32353"}],"curies":[{"name":"wp","href":"https:\/\/api.w.org\/{rel}","templated":true}]}}