{"id":32336,"date":"2025-11-10T11:34:37","date_gmt":"2025-11-10T10:34:37","guid":{"rendered":"https:\/\/www.ernstbrunn-apotheke.at\/katalog\/produkt\/riopan-1600-mg-magengel-20-stk\/"},"modified":"2025-12-08T15:20:40","modified_gmt":"2025-12-08T14:20:40","slug":"riopan-1600-mg-magengel-20-stk","status":"publish","type":"product","link":"https:\/\/www.ernstbrunn-apotheke.at\/katalog\/produkt\/riopan-1600-mg-magengel-20-stk\/","title":{"rendered":"Riopan 1600 mg Magengel 20 Stk."},"content":{"rendered":"<p>Riopan Magengel ist ein Arzneimittel zur Behandlung von Sodbrennen und saurem Aufsto\u00dfen, Entz\u00fcndungen der Magenschleimhaut sowie bei Entz\u00fcndungen der Speiser\u00f6hre. Der Wirkstoff Magaldrat bindet \u00fcbersch\u00fcssige Magens\u00e4ure, w\u00e4hrend die nat\u00fcrliche Verdauungsfunktion erhalten bleibt. Die Wirkung von Riopan h\u00e4lt meist mehrere Stunden an. Dieses Produkt ist erh\u00e4ltlich in den Packungsgr\u00f6\u00dfen 10 und 20 St\u00fcck.<\/p>\n","protected":false},"excerpt":{"rendered":"<p>Riopan Magengel ist ein Arzneimittel zur Behandlung von Sodbrennen und saurem Aufsto\u00dfen, Entz\u00fcndungen der Magenschleimhaut sowie bei Entz\u00fcndungen der Speiser\u00f6hre. Der Wirkstoff Magaldrat bindet \u00fcbersch\u00fcssige Magens\u00e4ure, w\u00e4hrend die nat\u00fcrliche Verdauungsfunktion erhalten bleibt. Die Wirkung von Riopan h\u00e4lt meist mehrere Stunden an. Dieses Produkt ist erh\u00e4ltlich in den Packungsgr\u00f6\u00dfen 10 und 20 St\u00fcck.<\/p>\n","protected":false},"featured_media":32338,"template":"","meta":{"_acf_changed":false},"product_brand":[],"product_cat":[808],"product_tag":[],"class_list":{"0":"post-32336","1":"product","2":"type-product","3":"status-publish","4":"has-post-thumbnail","6":"product_cat-r","7":"pa_geschmack-karamell","8":"pa_packungsgroesse-10-stueck","9":"pa_packungsgroesse-20-stueck","11":"first","12":"instock","13":"shipping-taxable","14":"purchasable","15":"product-type-simple"},"acf":[],"_links":{"self":[{"href":"https:\/\/www.ernstbrunn-apotheke.at\/katalog\/wp-json\/wp\/v2\/product\/32336","targetHints":{"allow":["GET"]}}],"collection":[{"href":"https:\/\/www.ernstbrunn-apotheke.at\/katalog\/wp-json\/wp\/v2\/product"}],"about":[{"href":"https:\/\/www.ernstbrunn-apotheke.at\/katalog\/wp-json\/wp\/v2\/types\/product"}],"wp:featuredmedia":[{"embeddable":true,"href":"https:\/\/www.ernstbrunn-apotheke.at\/katalog\/wp-json\/wp\/v2\/media\/32338"}],"wp:attachment":[{"href":"https:\/\/www.ernstbrunn-apotheke.at\/katalog\/wp-json\/wp\/v2\/media?parent=32336"}],"wp:term":[{"taxonomy":"product_brand","embeddable":true,"href":"https:\/\/www.ernstbrunn-apotheke.at\/katalog\/wp-json\/wp\/v2\/product_brand?post=32336"},{"taxonomy":"product_cat","embeddable":true,"href":"https:\/\/www.ernstbrunn-apotheke.at\/katalog\/wp-json\/wp\/v2\/product_cat?post=32336"},{"taxonomy":"product_tag","embeddable":true,"href":"https:\/\/www.ernstbrunn-apotheke.at\/katalog\/wp-json\/wp\/v2\/product_tag?post=32336"}],"curies":[{"name":"wp","href":"https:\/\/api.w.org\/{rel}","templated":true}]}}