{"id":32333,"date":"2025-11-10T11:34:37","date_gmt":"2025-11-10T10:34:37","guid":{"rendered":"https:\/\/www.ernstbrunn-apotheke.at\/katalog\/produkt\/gaviscon-kautabletten-mint\/"},"modified":"2025-12-08T15:20:39","modified_gmt":"2025-12-08T14:20:39","slug":"gaviscon-kautabletten-mint","status":"publish","type":"product","link":"https:\/\/www.ernstbrunn-apotheke.at\/katalog\/produkt\/gaviscon-kautabletten-mint\/","title":{"rendered":"Gaviscon Kautabletten Mint"},"content":{"rendered":"<p>Gaviscon Mint Kautabletten werden zur Behandlung von Beschwerden des gastro\u00f6sophagealen R\u00fcckflusses wie Sodbrennen, saures Aufsto\u00dfen und Verdauungsst\u00f6rungen (infolge von R\u00fcckfluss) z.B. nach Mahlzeiten oder w\u00e4hrend der Schwangerschaft oder bei Patienten mit Beschwerden im Zusammenhang mit einer Speiser\u00f6hrenentz\u00fcndung angewendet.<\/p>\n","protected":false},"excerpt":{"rendered":"<p>Gaviscon Mint Kautabletten werden zur Behandlung von Beschwerden des gastro\u00f6sophagealen R\u00fcckflusses wie Sodbrennen, saures Aufsto\u00dfen und Verdauungsst\u00f6rungen (infolge von R\u00fcckfluss) z.B. nach Mahlzeiten oder w\u00e4hrend der Schwangerschaft oder bei Patienten mit Beschwerden im Zusammenhang mit einer Speiser\u00f6hrenentz\u00fcndung angewendet.<\/p>\n","protected":false},"featured_media":32335,"template":"","meta":{"_acf_changed":false},"product_brand":[851],"product_cat":[810],"product_tag":[],"class_list":{"0":"post-32333","1":"product","2":"type-product","3":"status-publish","4":"has-post-thumbnail","6":"product_brand-gaviscon","7":"product_cat-g","8":"pa_geschmack-mint","9":"pa_packungsgroesse-48-stueck","11":"first","12":"instock","13":"shipping-taxable","14":"purchasable","15":"product-type-simple"},"acf":[],"_links":{"self":[{"href":"https:\/\/www.ernstbrunn-apotheke.at\/katalog\/wp-json\/wp\/v2\/product\/32333","targetHints":{"allow":["GET"]}}],"collection":[{"href":"https:\/\/www.ernstbrunn-apotheke.at\/katalog\/wp-json\/wp\/v2\/product"}],"about":[{"href":"https:\/\/www.ernstbrunn-apotheke.at\/katalog\/wp-json\/wp\/v2\/types\/product"}],"wp:featuredmedia":[{"embeddable":true,"href":"https:\/\/www.ernstbrunn-apotheke.at\/katalog\/wp-json\/wp\/v2\/media\/32335"}],"wp:attachment":[{"href":"https:\/\/www.ernstbrunn-apotheke.at\/katalog\/wp-json\/wp\/v2\/media?parent=32333"}],"wp:term":[{"taxonomy":"product_brand","embeddable":true,"href":"https:\/\/www.ernstbrunn-apotheke.at\/katalog\/wp-json\/wp\/v2\/product_brand?post=32333"},{"taxonomy":"product_cat","embeddable":true,"href":"https:\/\/www.ernstbrunn-apotheke.at\/katalog\/wp-json\/wp\/v2\/product_cat?post=32333"},{"taxonomy":"product_tag","embeddable":true,"href":"https:\/\/www.ernstbrunn-apotheke.at\/katalog\/wp-json\/wp\/v2\/product_tag?post=32333"}],"curies":[{"name":"wp","href":"https:\/\/api.w.org\/{rel}","templated":true}]}}