{"id":32311,"date":"2025-11-10T11:34:11","date_gmt":"2025-11-10T10:34:11","guid":{"rendered":"https:\/\/www.ernstbrunn-apotheke.at\/katalog\/produkt\/gaviscon-liquid-mint-suspension\/"},"modified":"2025-12-08T15:20:35","modified_gmt":"2025-12-08T14:20:35","slug":"gaviscon-liquid-mint-suspension","status":"publish","type":"product","link":"https:\/\/www.ernstbrunn-apotheke.at\/katalog\/produkt\/gaviscon-liquid-mint-suspension\/","title":{"rendered":"Gaviscon Liquid Mint Suspension"},"content":{"rendered":"<p>Gaviscon Liquid Mint Suspension wird zur Behandlung von Beschwerden des gastro-\u00f6sophagealen R\u00fcckflusses wie saures Aufsto\u00dfen, Sodbrennen und Verdauungsst\u00f6rungen (infolge von R\u00fcckfluss) z.B. nach Mahlzeiten oder w\u00e4hrend der Schwangerschaft oder bei Patienten mit Beschwerden in Zusammenhang mit einer Speiser\u00f6hrenentz\u00fcndung aufgrund eines R\u00fcckflusses angewendet &#8211; jetzt stark preisreduziert bestellen!<\/p>\n","protected":false},"excerpt":{"rendered":"<p>Gaviscon Liquid Mint Suspension wird zur Behandlung von Beschwerden des gastro-\u00f6sophagealen R\u00fcckflusses wie saures Aufsto\u00dfen, Sodbrennen und Verdauungsst\u00f6rungen (infolge von R\u00fcckfluss) z.B. nach Mahlzeiten oder w\u00e4hrend der Schwangerschaft oder bei Patienten mit Beschwerden in Zusammenhang mit einer Speiser\u00f6hrenentz\u00fcndung aufgrund eines R\u00fcckflusses angewendet &#8211; jetzt stark preisreduziert bestellen!<\/p>\n","protected":false},"featured_media":32313,"template":"","meta":{"_acf_changed":false},"product_brand":[851],"product_cat":[810],"product_tag":[],"class_list":{"0":"post-32311","1":"product","2":"type-product","3":"status-publish","4":"has-post-thumbnail","6":"product_brand-gaviscon","7":"product_cat-g","8":"pa_packungsgroesse-24-stueck","10":"first","11":"instock","12":"shipping-taxable","13":"purchasable","14":"product-type-simple"},"acf":[],"_links":{"self":[{"href":"https:\/\/www.ernstbrunn-apotheke.at\/katalog\/wp-json\/wp\/v2\/product\/32311","targetHints":{"allow":["GET"]}}],"collection":[{"href":"https:\/\/www.ernstbrunn-apotheke.at\/katalog\/wp-json\/wp\/v2\/product"}],"about":[{"href":"https:\/\/www.ernstbrunn-apotheke.at\/katalog\/wp-json\/wp\/v2\/types\/product"}],"wp:featuredmedia":[{"embeddable":true,"href":"https:\/\/www.ernstbrunn-apotheke.at\/katalog\/wp-json\/wp\/v2\/media\/32313"}],"wp:attachment":[{"href":"https:\/\/www.ernstbrunn-apotheke.at\/katalog\/wp-json\/wp\/v2\/media?parent=32311"}],"wp:term":[{"taxonomy":"product_brand","embeddable":true,"href":"https:\/\/www.ernstbrunn-apotheke.at\/katalog\/wp-json\/wp\/v2\/product_brand?post=32311"},{"taxonomy":"product_cat","embeddable":true,"href":"https:\/\/www.ernstbrunn-apotheke.at\/katalog\/wp-json\/wp\/v2\/product_cat?post=32311"},{"taxonomy":"product_tag","embeddable":true,"href":"https:\/\/www.ernstbrunn-apotheke.at\/katalog\/wp-json\/wp\/v2\/product_tag?post=32311"}],"curies":[{"name":"wp","href":"https:\/\/api.w.org\/{rel}","templated":true}]}}