{"id":32307,"date":"2025-11-10T11:34:11","date_gmt":"2025-11-10T10:34:11","guid":{"rendered":"https:\/\/www.ernstbrunn-apotheke.at\/katalog\/produkt\/rennie-antacidum-spearmint-lutschtabletten-60-stk\/"},"modified":"2025-12-08T15:20:34","modified_gmt":"2025-12-08T14:20:34","slug":"rennie-antacidum-spearmint-lutschtabletten-60-stk","status":"publish","type":"product","link":"https:\/\/www.ernstbrunn-apotheke.at\/katalog\/produkt\/rennie-antacidum-spearmint-lutschtabletten-60-stk\/","title":{"rendered":"Rennie Antacidum Spearmint Lutschtabletten 60 Stk."},"content":{"rendered":"<p>Durch einen stressbelasteten Alltag, aber auch durch zu schwere und zu fette Speisen, durch \u00fcberm\u00e4\u00dfigen Genuss von Alkohol, Kaffee und Nikotin kann \u00fcbersch\u00fcssige Magens\u00e4ure entstehen. Das Zuviel an Magens\u00e4ure kann die Magenschleimhaut reizen und Beschwerden verursachen, wie z.B. Sodbrennen, Magenschmerzen, saurer Geschmack im Mund und Reflux. Rennie Antacidum Spearmint Lutschtabletten k\u00f6nnen gegen Beschwerden bei \u00fcbersch\u00fcssiger Magens\u00e4ure (z.B. Sodbrennen) eingenommen werden. Sie neutralisieren die Magens\u00e4ure und wirken so gegen eine \u00dcbers\u00e4uerung des Magens.<\/p>\n","protected":false},"excerpt":{"rendered":"<p>Durch einen stressbelasteten Alltag, aber auch durch zu schwere und zu fette Speisen, durch \u00fcberm\u00e4\u00dfigen Genuss von Alkohol, Kaffee und Nikotin kann \u00fcbersch\u00fcssige Magens\u00e4ure entstehen. Das Zuviel an Magens\u00e4ure kann die Magenschleimhaut reizen und Beschwerden verursachen, wie z.B. Sodbrennen, Magenschmerzen, saurer Geschmack im Mund und Reflux. Rennie Antacidum Spearmint Lutschtabletten k\u00f6nnen gegen Beschwerden bei \u00fcbersch\u00fcssiger [&hellip;]<\/p>\n","protected":false},"featured_media":32309,"template":"","meta":{"_acf_changed":false},"product_brand":[850],"product_cat":[808],"product_tag":[],"class_list":{"0":"post-32307","1":"product","2":"type-product","3":"status-publish","4":"has-post-thumbnail","6":"product_brand-rennie","7":"product_cat-r","8":"pa_packungsgroesse-36-stueck","9":"pa_packungsgroesse-60-stueck","11":"first","12":"instock","13":"shipping-taxable","14":"purchasable","15":"product-type-simple"},"acf":[],"_links":{"self":[{"href":"https:\/\/www.ernstbrunn-apotheke.at\/katalog\/wp-json\/wp\/v2\/product\/32307","targetHints":{"allow":["GET"]}}],"collection":[{"href":"https:\/\/www.ernstbrunn-apotheke.at\/katalog\/wp-json\/wp\/v2\/product"}],"about":[{"href":"https:\/\/www.ernstbrunn-apotheke.at\/katalog\/wp-json\/wp\/v2\/types\/product"}],"wp:featuredmedia":[{"embeddable":true,"href":"https:\/\/www.ernstbrunn-apotheke.at\/katalog\/wp-json\/wp\/v2\/media\/32309"}],"wp:attachment":[{"href":"https:\/\/www.ernstbrunn-apotheke.at\/katalog\/wp-json\/wp\/v2\/media?parent=32307"}],"wp:term":[{"taxonomy":"product_brand","embeddable":true,"href":"https:\/\/www.ernstbrunn-apotheke.at\/katalog\/wp-json\/wp\/v2\/product_brand?post=32307"},{"taxonomy":"product_cat","embeddable":true,"href":"https:\/\/www.ernstbrunn-apotheke.at\/katalog\/wp-json\/wp\/v2\/product_cat?post=32307"},{"taxonomy":"product_tag","embeddable":true,"href":"https:\/\/www.ernstbrunn-apotheke.at\/katalog\/wp-json\/wp\/v2\/product_tag?post=32307"}],"curies":[{"name":"wp","href":"https:\/\/api.w.org\/{rel}","templated":true}]}}