{"id":32207,"date":"2025-11-10T11:32:18","date_gmt":"2025-11-10T10:32:18","guid":{"rendered":"https:\/\/www.ernstbrunn-apotheke.at\/katalog\/produkt\/tausendguldenkraut-kapseln\/"},"modified":"2025-12-08T15:20:00","modified_gmt":"2025-12-08T14:20:00","slug":"tausendguldenkraut-kapseln","status":"publish","type":"product","link":"https:\/\/www.ernstbrunn-apotheke.at\/katalog\/produkt\/tausendguldenkraut-kapseln\/","title":{"rendered":"Tausendguldenkraut Kapseln"},"content":{"rendered":"<p>Gall Pharma Tausendguldenkraut Kapseln 90 Stk. werden aufgrund des hohen Bitterwerts gerne zur Anregung des Appetits und bei Verdauungsbeschwerden verwendet. Daneben haben sich die magenst\u00e4rkenden und verdauungsf\u00f6rdernden Eigenschaften des Tausendguldenkrauts bei funktionellen St\u00f6rungen im Magen-Darm-Bereich bew\u00e4hrt. Eine Nahrungserg\u00e4nzung in Kapselform ist besonders f\u00fcr jene Personen geeignet, die einen bitteren Geschmack nicht gerne in Kauf nehmen, jedoch auf die anregenden Eigenschaften des Tausendguldenkrauts nicht verzichten m\u00f6chten &#8211; als Standortapotheke bieten wir Ihnen 100% Sicherheit und ausschlie\u00dflich Originalprodukte!<\/p>\n","protected":false},"excerpt":{"rendered":"<p>Gall Pharma Tausendguldenkraut Kapseln 90 Stk. werden aufgrund des hohen Bitterwerts gerne zur Anregung des Appetits und bei Verdauungsbeschwerden verwendet. Daneben haben sich die magenst\u00e4rkenden und verdauungsf\u00f6rdernden Eigenschaften des Tausendguldenkrauts bei funktionellen St\u00f6rungen im Magen-Darm-Bereich bew\u00e4hrt. Eine Nahrungserg\u00e4nzung in Kapselform ist besonders f\u00fcr jene Personen geeignet, die einen bitteren Geschmack nicht gerne in Kauf nehmen, [&hellip;]<\/p>\n","protected":false},"featured_media":32209,"template":"","meta":{"_acf_changed":false},"product_brand":[371],"product_cat":[798],"product_tag":[],"class_list":{"0":"post-32207","1":"product","2":"type-product","3":"status-publish","4":"has-post-thumbnail","6":"product_brand-gall-pharma","7":"product_cat-t","8":"pa_packungsgroesse-90-stueck","10":"first","11":"instock","12":"shipping-taxable","13":"purchasable","14":"product-type-simple"},"acf":[],"_links":{"self":[{"href":"https:\/\/www.ernstbrunn-apotheke.at\/katalog\/wp-json\/wp\/v2\/product\/32207","targetHints":{"allow":["GET"]}}],"collection":[{"href":"https:\/\/www.ernstbrunn-apotheke.at\/katalog\/wp-json\/wp\/v2\/product"}],"about":[{"href":"https:\/\/www.ernstbrunn-apotheke.at\/katalog\/wp-json\/wp\/v2\/types\/product"}],"wp:featuredmedia":[{"embeddable":true,"href":"https:\/\/www.ernstbrunn-apotheke.at\/katalog\/wp-json\/wp\/v2\/media\/32209"}],"wp:attachment":[{"href":"https:\/\/www.ernstbrunn-apotheke.at\/katalog\/wp-json\/wp\/v2\/media?parent=32207"}],"wp:term":[{"taxonomy":"product_brand","embeddable":true,"href":"https:\/\/www.ernstbrunn-apotheke.at\/katalog\/wp-json\/wp\/v2\/product_brand?post=32207"},{"taxonomy":"product_cat","embeddable":true,"href":"https:\/\/www.ernstbrunn-apotheke.at\/katalog\/wp-json\/wp\/v2\/product_cat?post=32207"},{"taxonomy":"product_tag","embeddable":true,"href":"https:\/\/www.ernstbrunn-apotheke.at\/katalog\/wp-json\/wp\/v2\/product_tag?post=32207"}],"curies":[{"name":"wp","href":"https:\/\/api.w.org\/{rel}","templated":true}]}}