{"id":32199,"date":"2025-11-10T11:32:18","date_gmt":"2025-11-10T10:32:18","guid":{"rendered":"https:\/\/www.ernstbrunn-apotheke.at\/katalog\/produkt\/bios-curcuma-200-mg-kapseln\/"},"modified":"2025-12-08T15:19:57","modified_gmt":"2025-12-08T14:19:57","slug":"bios-curcuma-200-mg-kapseln","status":"publish","type":"product","link":"https:\/\/www.ernstbrunn-apotheke.at\/katalog\/produkt\/bios-curcuma-200-mg-kapseln\/","title":{"rendered":"Bios Curcuma 200 mg Kapseln"},"content":{"rendered":"<p>Bios Curcuma 200 mg Kapseln enthalten 243 mg Curcumin C3 Complex in einer Hartgelatinekapsel. Die Kurkuma ist eine aus S\u00fcdasien stammende Pflanze aus der Familie der Ingwergew\u00e4chse. Curcumin, ein Inhaltsstoff der Kurkuma, ist der Geschmackstr\u00e4ger. Es findet als Lebensmittelzusatz unter Anderem Verwendung bei der F\u00e4rbung von Nahrungsmitteln.<\/p>\n","protected":false},"excerpt":{"rendered":"<p>Bios Curcuma 200 mg Kapseln enthalten 243 mg Curcumin C3 Complex in einer Hartgelatinekapsel. Die Kurkuma ist eine aus S\u00fcdasien stammende Pflanze aus der Familie der Ingwergew\u00e4chse. Curcumin, ein Inhaltsstoff der Kurkuma, ist der Geschmackstr\u00e4ger. Es findet als Lebensmittelzusatz unter Anderem Verwendung bei der F\u00e4rbung von Nahrungsmitteln.<\/p>\n","protected":false},"featured_media":32201,"template":"","meta":{"_acf_changed":false},"product_brand":[],"product_cat":[802],"product_tag":[],"class_list":{"0":"post-32199","1":"product","2":"type-product","3":"status-publish","4":"has-post-thumbnail","6":"product_cat-b","7":"pa_packungsgroesse-100-stueck","9":"first","10":"instock","11":"shipping-taxable","12":"purchasable","13":"product-type-simple"},"acf":[],"_links":{"self":[{"href":"https:\/\/www.ernstbrunn-apotheke.at\/katalog\/wp-json\/wp\/v2\/product\/32199","targetHints":{"allow":["GET"]}}],"collection":[{"href":"https:\/\/www.ernstbrunn-apotheke.at\/katalog\/wp-json\/wp\/v2\/product"}],"about":[{"href":"https:\/\/www.ernstbrunn-apotheke.at\/katalog\/wp-json\/wp\/v2\/types\/product"}],"wp:featuredmedia":[{"embeddable":true,"href":"https:\/\/www.ernstbrunn-apotheke.at\/katalog\/wp-json\/wp\/v2\/media\/32201"}],"wp:attachment":[{"href":"https:\/\/www.ernstbrunn-apotheke.at\/katalog\/wp-json\/wp\/v2\/media?parent=32199"}],"wp:term":[{"taxonomy":"product_brand","embeddable":true,"href":"https:\/\/www.ernstbrunn-apotheke.at\/katalog\/wp-json\/wp\/v2\/product_brand?post=32199"},{"taxonomy":"product_cat","embeddable":true,"href":"https:\/\/www.ernstbrunn-apotheke.at\/katalog\/wp-json\/wp\/v2\/product_cat?post=32199"},{"taxonomy":"product_tag","embeddable":true,"href":"https:\/\/www.ernstbrunn-apotheke.at\/katalog\/wp-json\/wp\/v2\/product_tag?post=32199"}],"curies":[{"name":"wp","href":"https:\/\/api.w.org\/{rel}","templated":true}]}}