{"id":32163,"date":"2025-11-10T11:31:37","date_gmt":"2025-11-10T10:31:37","guid":{"rendered":"https:\/\/www.ernstbrunn-apotheke.at\/katalog\/produkt\/praelasan-pulver-420-g\/"},"modified":"2025-12-08T15:19:42","modified_gmt":"2025-12-08T14:19:42","slug":"praelasan-pulver-420-g","status":"publish","type":"product","link":"https:\/\/www.ernstbrunn-apotheke.at\/katalog\/produkt\/praelasan-pulver-420-g\/","title":{"rendered":"Praelasan Pulver 420 g"},"content":{"rendered":"<p>Praelasan Pulver ist reich an nat\u00fcrlichen Ballaststoffen und f\u00f6rdert Ihre Verdauung und Gesundheit rein pflanzlich. Der pr\u00e4biotische Mix aus Flohsamen, Maisdextrin, Baobab und Calcium liefert alles, was Ihr Organismus f\u00fcr eine gesunde Verdauung braucht.<\/p>\n","protected":false},"excerpt":{"rendered":"<p>Praelasan Pulver ist reich an nat\u00fcrlichen Ballaststoffen und f\u00f6rdert Ihre Verdauung und Gesundheit rein pflanzlich. Der pr\u00e4biotische Mix aus Flohsamen, Maisdextrin, Baobab und Calcium liefert alles, was Ihr Organismus f\u00fcr eine gesunde Verdauung braucht.<\/p>\n","protected":false},"featured_media":32165,"template":"","meta":{"_acf_changed":false},"product_brand":[],"product_cat":[793],"product_tag":[],"class_list":{"0":"post-32163","1":"product","2":"type-product","3":"status-publish","4":"has-post-thumbnail","6":"product_cat-p","7":"pa_packungsgroesse-420g","9":"first","10":"instock","11":"shipping-taxable","12":"purchasable","13":"product-type-simple"},"acf":[],"_links":{"self":[{"href":"https:\/\/www.ernstbrunn-apotheke.at\/katalog\/wp-json\/wp\/v2\/product\/32163","targetHints":{"allow":["GET"]}}],"collection":[{"href":"https:\/\/www.ernstbrunn-apotheke.at\/katalog\/wp-json\/wp\/v2\/product"}],"about":[{"href":"https:\/\/www.ernstbrunn-apotheke.at\/katalog\/wp-json\/wp\/v2\/types\/product"}],"wp:featuredmedia":[{"embeddable":true,"href":"https:\/\/www.ernstbrunn-apotheke.at\/katalog\/wp-json\/wp\/v2\/media\/32165"}],"wp:attachment":[{"href":"https:\/\/www.ernstbrunn-apotheke.at\/katalog\/wp-json\/wp\/v2\/media?parent=32163"}],"wp:term":[{"taxonomy":"product_brand","embeddable":true,"href":"https:\/\/www.ernstbrunn-apotheke.at\/katalog\/wp-json\/wp\/v2\/product_brand?post=32163"},{"taxonomy":"product_cat","embeddable":true,"href":"https:\/\/www.ernstbrunn-apotheke.at\/katalog\/wp-json\/wp\/v2\/product_cat?post=32163"},{"taxonomy":"product_tag","embeddable":true,"href":"https:\/\/www.ernstbrunn-apotheke.at\/katalog\/wp-json\/wp\/v2\/product_tag?post=32163"}],"curies":[{"name":"wp","href":"https:\/\/api.w.org\/{rel}","templated":true}]}}