{"id":32120,"date":"2025-11-10T11:30:35","date_gmt":"2025-11-10T10:30:35","guid":{"rendered":"https:\/\/www.ernstbrunn-apotheke.at\/katalog\/produkt\/dr-wolz-curcumin-45-kapseln-90-stk\/"},"modified":"2025-12-08T15:19:24","modified_gmt":"2025-12-08T14:19:24","slug":"dr-wolz-curcumin-45-kapseln-90-stk","status":"publish","type":"product","link":"https:\/\/www.ernstbrunn-apotheke.at\/katalog\/produkt\/dr-wolz-curcumin-45-kapseln-90-stk\/","title":{"rendered":"Dr. Wolz Curcumin 45 Kapseln 90 Stk."},"content":{"rendered":"<p>Curcumin wird schon seit mehreren Tausend Jahren in der asiatischen Naturheilkunde eingesetzt. Mittlerweile gibt es \u00fcber 3000 Studien zur gesundheitsf\u00f6rdernden Wirkung zu Curcumin. Curcumin Extrakt 45 hat eine um bis zu 45x h\u00f6here Bioverf\u00fcgbarkeit als herk\u00f6mmliche Darreichungsformen von Curcumin.<\/p>\n","protected":false},"excerpt":{"rendered":"<p>Curcumin wird schon seit mehreren Tausend Jahren in der asiatischen Naturheilkunde eingesetzt. Mittlerweile gibt es \u00fcber 3000 Studien zur gesundheitsf\u00f6rdernden Wirkung zu Curcumin. Curcumin Extrakt 45 hat eine um bis zu 45x h\u00f6here Bioverf\u00fcgbarkeit als herk\u00f6mmliche Darreichungsformen von Curcumin.<\/p>\n","protected":false},"featured_media":32122,"template":"","meta":{"_acf_changed":false},"product_brand":[],"product_cat":[792],"product_tag":[],"class_list":{"0":"post-32120","1":"product","2":"type-product","3":"status-publish","4":"has-post-thumbnail","6":"product_cat-d","7":"pa_packungsgroesse-90-stueck","9":"first","10":"instock","11":"shipping-taxable","12":"purchasable","13":"product-type-simple"},"acf":[],"_links":{"self":[{"href":"https:\/\/www.ernstbrunn-apotheke.at\/katalog\/wp-json\/wp\/v2\/product\/32120","targetHints":{"allow":["GET"]}}],"collection":[{"href":"https:\/\/www.ernstbrunn-apotheke.at\/katalog\/wp-json\/wp\/v2\/product"}],"about":[{"href":"https:\/\/www.ernstbrunn-apotheke.at\/katalog\/wp-json\/wp\/v2\/types\/product"}],"wp:featuredmedia":[{"embeddable":true,"href":"https:\/\/www.ernstbrunn-apotheke.at\/katalog\/wp-json\/wp\/v2\/media\/32122"}],"wp:attachment":[{"href":"https:\/\/www.ernstbrunn-apotheke.at\/katalog\/wp-json\/wp\/v2\/media?parent=32120"}],"wp:term":[{"taxonomy":"product_brand","embeddable":true,"href":"https:\/\/www.ernstbrunn-apotheke.at\/katalog\/wp-json\/wp\/v2\/product_brand?post=32120"},{"taxonomy":"product_cat","embeddable":true,"href":"https:\/\/www.ernstbrunn-apotheke.at\/katalog\/wp-json\/wp\/v2\/product_cat?post=32120"},{"taxonomy":"product_tag","embeddable":true,"href":"https:\/\/www.ernstbrunn-apotheke.at\/katalog\/wp-json\/wp\/v2\/product_tag?post=32120"}],"curies":[{"name":"wp","href":"https:\/\/api.w.org\/{rel}","templated":true}]}}