{"id":32074,"date":"2025-11-10T11:29:55","date_gmt":"2025-11-10T10:29:55","guid":{"rendered":"https:\/\/www.ernstbrunn-apotheke.at\/katalog\/produkt\/probiotik-pur-beutel-30-x-2-g\/"},"modified":"2025-12-08T15:19:13","modified_gmt":"2025-12-08T14:19:13","slug":"probiotik-pur-beutel-30-x-2-g","status":"publish","type":"product","link":"https:\/\/www.ernstbrunn-apotheke.at\/katalog\/produkt\/probiotik-pur-beutel-30-x-2-g\/","title":{"rendered":"Probiotik Pur Beutel 30 x 2 g"},"content":{"rendered":"<p>Probiotik Pur ist ein Nahrungserg\u00e4nzungsmittel mit Biotin und Vitamin B2 sowie 5 Bakterienkulturen. Biotin und Vitamin B2 tragen zum Erhalt normaler Haut und Schleimh\u00e4ute bei und unterst\u00fctzen damit die Erhaltung der Epithelzellen der Haut und des Verdauungstraktes. Vitamin B2 tr\u00e4gt dar\u00fcber hinaus zum Schutz der Zellen vor oxidativem Stress bei.<\/p>\n","protected":false},"excerpt":{"rendered":"<p>Probiotik Pur ist ein Nahrungserg\u00e4nzungsmittel mit Biotin und Vitamin B2 sowie 5 Bakterienkulturen. Biotin und Vitamin B2 tragen zum Erhalt normaler Haut und Schleimh\u00e4ute bei und unterst\u00fctzen damit die Erhaltung der Epithelzellen der Haut und des Verdauungstraktes. Vitamin B2 tr\u00e4gt dar\u00fcber hinaus zum Schutz der Zellen vor oxidativem Stress bei.<\/p>\n","protected":false},"featured_media":32076,"template":"","meta":{"_acf_changed":false},"product_brand":[],"product_cat":[793],"product_tag":[],"class_list":{"0":"post-32074","1":"product","2":"type-product","3":"status-publish","4":"has-post-thumbnail","6":"product_cat-p","7":"pa_packungsgroesse-30-beutel","9":"first","10":"instock","11":"shipping-taxable","12":"purchasable","13":"product-type-simple"},"acf":[],"_links":{"self":[{"href":"https:\/\/www.ernstbrunn-apotheke.at\/katalog\/wp-json\/wp\/v2\/product\/32074","targetHints":{"allow":["GET"]}}],"collection":[{"href":"https:\/\/www.ernstbrunn-apotheke.at\/katalog\/wp-json\/wp\/v2\/product"}],"about":[{"href":"https:\/\/www.ernstbrunn-apotheke.at\/katalog\/wp-json\/wp\/v2\/types\/product"}],"wp:featuredmedia":[{"embeddable":true,"href":"https:\/\/www.ernstbrunn-apotheke.at\/katalog\/wp-json\/wp\/v2\/media\/32076"}],"wp:attachment":[{"href":"https:\/\/www.ernstbrunn-apotheke.at\/katalog\/wp-json\/wp\/v2\/media?parent=32074"}],"wp:term":[{"taxonomy":"product_brand","embeddable":true,"href":"https:\/\/www.ernstbrunn-apotheke.at\/katalog\/wp-json\/wp\/v2\/product_brand?post=32074"},{"taxonomy":"product_cat","embeddable":true,"href":"https:\/\/www.ernstbrunn-apotheke.at\/katalog\/wp-json\/wp\/v2\/product_cat?post=32074"},{"taxonomy":"product_tag","embeddable":true,"href":"https:\/\/www.ernstbrunn-apotheke.at\/katalog\/wp-json\/wp\/v2\/product_tag?post=32074"}],"curies":[{"name":"wp","href":"https:\/\/api.w.org\/{rel}","templated":true}]}}