{"id":31973,"date":"2025-11-10T11:28:12","date_gmt":"2025-11-10T10:28:12","guid":{"rendered":"https:\/\/www.ernstbrunn-apotheke.at\/katalog\/produkt\/the-nutri-store-d-galactose-100-hochrein-500-g\/"},"modified":"2025-12-08T15:18:49","modified_gmt":"2025-12-08T14:18:49","slug":"the-nutri-store-d-galactose-100-hochrein-500-g","status":"publish","type":"product","link":"https:\/\/www.ernstbrunn-apotheke.at\/katalog\/produkt\/the-nutri-store-d-galactose-100-hochrein-500-g\/","title":{"rendered":"The Nutri Store D-Galactose 100% hochrein 500 g"},"content":{"rendered":"<p>The Nutri Store D-Galactose 100% hochrein ist ein hochreines D-(+)-Galactose Pulver. Galactose ist ein nat\u00fcrlich vorkommendes Monosaccharid, das in Milch, Milchprodukten sowie anderen Nahrungsmitteln enthalten ist. Galactose wird aus einem eiwei\u00dffreien Destillat aus Molke und Milchzucker nach einem aufw\u00e4ndigen enzymatischem Verfahren gewonnen. Dabei wird sichergestellt, dass das Produkt frei von unerw\u00fcnschten chemischen R\u00fcckst\u00e4nden ist. D-(+)-Galactose Pulver ist fein vermahlen und schmeckt s\u00fc\u00df.<\/p>\n","protected":false},"excerpt":{"rendered":"<p>The Nutri Store D-Galactose 100% hochrein ist ein hochreines D-(+)-Galactose Pulver. Galactose ist ein nat\u00fcrlich vorkommendes Monosaccharid, das in Milch, Milchprodukten sowie anderen Nahrungsmitteln enthalten ist. Galactose wird aus einem eiwei\u00dffreien Destillat aus Molke und Milchzucker nach einem aufw\u00e4ndigen enzymatischem Verfahren gewonnen. Dabei wird sichergestellt, dass das Produkt frei von unerw\u00fcnschten chemischen R\u00fcckst\u00e4nden ist. D-(+)-Galactose [&hellip;]<\/p>\n","protected":false},"featured_media":31975,"template":"","meta":{"_acf_changed":false},"product_brand":[],"product_cat":[798],"product_tag":[],"class_list":{"0":"post-31973","1":"product","2":"type-product","3":"status-publish","4":"has-post-thumbnail","6":"product_cat-t","7":"pa_packungsgroesse-500g","9":"first","10":"instock","11":"shipping-taxable","12":"purchasable","13":"product-type-simple"},"acf":[],"_links":{"self":[{"href":"https:\/\/www.ernstbrunn-apotheke.at\/katalog\/wp-json\/wp\/v2\/product\/31973","targetHints":{"allow":["GET"]}}],"collection":[{"href":"https:\/\/www.ernstbrunn-apotheke.at\/katalog\/wp-json\/wp\/v2\/product"}],"about":[{"href":"https:\/\/www.ernstbrunn-apotheke.at\/katalog\/wp-json\/wp\/v2\/types\/product"}],"wp:featuredmedia":[{"embeddable":true,"href":"https:\/\/www.ernstbrunn-apotheke.at\/katalog\/wp-json\/wp\/v2\/media\/31975"}],"wp:attachment":[{"href":"https:\/\/www.ernstbrunn-apotheke.at\/katalog\/wp-json\/wp\/v2\/media?parent=31973"}],"wp:term":[{"taxonomy":"product_brand","embeddable":true,"href":"https:\/\/www.ernstbrunn-apotheke.at\/katalog\/wp-json\/wp\/v2\/product_brand?post=31973"},{"taxonomy":"product_cat","embeddable":true,"href":"https:\/\/www.ernstbrunn-apotheke.at\/katalog\/wp-json\/wp\/v2\/product_cat?post=31973"},{"taxonomy":"product_tag","embeddable":true,"href":"https:\/\/www.ernstbrunn-apotheke.at\/katalog\/wp-json\/wp\/v2\/product_tag?post=31973"}],"curies":[{"name":"wp","href":"https:\/\/api.w.org\/{rel}","templated":true}]}}