{"id":31899,"date":"2025-11-10T11:26:51","date_gmt":"2025-11-10T10:26:51","guid":{"rendered":"https:\/\/www.ernstbrunn-apotheke.at\/katalog\/produkt\/hafesan-aegyptisches-schwarzkuemmeloel-kapseln-80-stk\/"},"modified":"2025-12-08T15:18:31","modified_gmt":"2025-12-08T14:18:31","slug":"hafesan-aegyptisches-schwarzkuemmeloel-kapseln-80-stk","status":"publish","type":"product","link":"https:\/\/www.ernstbrunn-apotheke.at\/katalog\/produkt\/hafesan-aegyptisches-schwarzkuemmeloel-kapseln-80-stk\/","title":{"rendered":"Hafesan \u00c4gyptisches Schwarzk\u00fcmmel\u00f6l Kapseln 80 Stk."},"content":{"rendered":"<p>Hafesan\u00ae \u00c4gyptisches Schwarzk\u00fcmmel-\u00d6l Kapseln st\u00e4rken das Immunsystem, wirken entz\u00fcndungshemmend und verbessern dadurch allergisch bedingte Beschwerden (z. B. der Atemwege und Haut).<\/p>\n","protected":false},"excerpt":{"rendered":"<p>Hafesan\u00ae \u00c4gyptisches Schwarzk\u00fcmmel-\u00d6l Kapseln st\u00e4rken das Immunsystem, wirken entz\u00fcndungshemmend und verbessern dadurch allergisch bedingte Beschwerden (z. B. der Atemwege und Haut).<\/p>\n","protected":false},"featured_media":31901,"template":"","meta":{"_acf_changed":false},"product_brand":[376],"product_cat":[805],"product_tag":[],"class_list":{"0":"post-31899","1":"product","2":"type-product","3":"status-publish","4":"has-post-thumbnail","6":"product_brand-hafesan","7":"product_cat-h","8":"pa_packungsgroesse-80-stueck","10":"first","11":"instock","12":"shipping-taxable","13":"purchasable","14":"product-type-simple"},"acf":[],"_links":{"self":[{"href":"https:\/\/www.ernstbrunn-apotheke.at\/katalog\/wp-json\/wp\/v2\/product\/31899","targetHints":{"allow":["GET"]}}],"collection":[{"href":"https:\/\/www.ernstbrunn-apotheke.at\/katalog\/wp-json\/wp\/v2\/product"}],"about":[{"href":"https:\/\/www.ernstbrunn-apotheke.at\/katalog\/wp-json\/wp\/v2\/types\/product"}],"wp:featuredmedia":[{"embeddable":true,"href":"https:\/\/www.ernstbrunn-apotheke.at\/katalog\/wp-json\/wp\/v2\/media\/31901"}],"wp:attachment":[{"href":"https:\/\/www.ernstbrunn-apotheke.at\/katalog\/wp-json\/wp\/v2\/media?parent=31899"}],"wp:term":[{"taxonomy":"product_brand","embeddable":true,"href":"https:\/\/www.ernstbrunn-apotheke.at\/katalog\/wp-json\/wp\/v2\/product_brand?post=31899"},{"taxonomy":"product_cat","embeddable":true,"href":"https:\/\/www.ernstbrunn-apotheke.at\/katalog\/wp-json\/wp\/v2\/product_cat?post=31899"},{"taxonomy":"product_tag","embeddable":true,"href":"https:\/\/www.ernstbrunn-apotheke.at\/katalog\/wp-json\/wp\/v2\/product_tag?post=31899"}],"curies":[{"name":"wp","href":"https:\/\/api.w.org\/{rel}","templated":true}]}}