{"id":31875,"date":"2025-11-10T11:26:32","date_gmt":"2025-11-10T10:26:32","guid":{"rendered":"https:\/\/www.ernstbrunn-apotheke.at\/katalog\/produkt\/dr-wolz-darmflora-plus-select-kapseln-80-stk\/"},"modified":"2025-12-08T15:18:19","modified_gmt":"2025-12-08T14:18:19","slug":"dr-wolz-darmflora-plus-select-kapseln-80-stk","status":"publish","type":"product","link":"https:\/\/www.ernstbrunn-apotheke.at\/katalog\/produkt\/dr-wolz-darmflora-plus-select-kapseln-80-stk\/","title":{"rendered":"Dr. Wolz Darmflora Plus Select Kapseln 80 Stk."},"content":{"rendered":"<p>Darmflora plus select enth\u00e4lt 8 selektierte Milchs\u00e4urebakterienst\u00e4mme in einer hohen Konzentration von 48 Milliarden Milchs\u00e4urebakterien pro Tagesportion sowie B-Vitamine und f\u00f6rdert eine gesunde Darmschleimhaut. Die Milchs\u00e4urebakterien, auch Darmbakterien oder Mikroorganismen genannt, sind besonders gesch\u00fctzt gegen Magen- und Gallens\u00e4ure.Darmflora plus select von Dr. Wolz ist ein speziell f\u00fcr die F\u00f6rderung einer gesunden Darmschleimhaut entwickeltes Pr\u00e4parat. Die selektierten Bakterienst\u00e4mme kommen nat\u00fcrlicherweise in den unterschiedlichen Darmabschnitten des menschlichen K\u00f6rpers vor und unterst\u00fctzen hier die physiologische Darmflora sinnvoll in ihren Aufgaben. Die enthaltenen B-Vitamine f\u00f6rdern die Darmschleimhaut und unterst\u00fctzen das Immunsystem: Vitamin B2 und Biotin tragen zur Erhaltung normaler Schleimh\u00e4ute bei. Die Vitamine B6, B12 und Fols\u00e4ure f\u00f6rdern die normale Funktion des Immunsystems. Die Kapseln k\u00f6nnen w\u00e4hrend und nach der Antibiotikum-Therapie eingesetzt werden..<\/p>\n","protected":false},"excerpt":{"rendered":"<p>Darmflora plus select enth\u00e4lt 8 selektierte Milchs\u00e4urebakterienst\u00e4mme in einer hohen Konzentration von 48 Milliarden Milchs\u00e4urebakterien pro Tagesportion sowie B-Vitamine und f\u00f6rdert eine gesunde Darmschleimhaut. Die Milchs\u00e4urebakterien, auch Darmbakterien oder Mikroorganismen genannt, sind besonders gesch\u00fctzt gegen Magen- und Gallens\u00e4ure.Darmflora plus select von Dr. Wolz ist ein speziell f\u00fcr die F\u00f6rderung einer gesunden Darmschleimhaut entwickeltes Pr\u00e4parat. Die [&hellip;]<\/p>\n","protected":false},"featured_media":31877,"template":"","meta":{"_acf_changed":false},"product_brand":[],"product_cat":[792],"product_tag":[],"class_list":{"0":"post-31875","1":"product","2":"type-product","3":"status-publish","4":"has-post-thumbnail","6":"product_cat-d","7":"pa_packungsgroesse-80-stueck","9":"first","10":"instock","11":"shipping-taxable","12":"purchasable","13":"product-type-simple"},"acf":[],"_links":{"self":[{"href":"https:\/\/www.ernstbrunn-apotheke.at\/katalog\/wp-json\/wp\/v2\/product\/31875","targetHints":{"allow":["GET"]}}],"collection":[{"href":"https:\/\/www.ernstbrunn-apotheke.at\/katalog\/wp-json\/wp\/v2\/product"}],"about":[{"href":"https:\/\/www.ernstbrunn-apotheke.at\/katalog\/wp-json\/wp\/v2\/types\/product"}],"wp:featuredmedia":[{"embeddable":true,"href":"https:\/\/www.ernstbrunn-apotheke.at\/katalog\/wp-json\/wp\/v2\/media\/31877"}],"wp:attachment":[{"href":"https:\/\/www.ernstbrunn-apotheke.at\/katalog\/wp-json\/wp\/v2\/media?parent=31875"}],"wp:term":[{"taxonomy":"product_brand","embeddable":true,"href":"https:\/\/www.ernstbrunn-apotheke.at\/katalog\/wp-json\/wp\/v2\/product_brand?post=31875"},{"taxonomy":"product_cat","embeddable":true,"href":"https:\/\/www.ernstbrunn-apotheke.at\/katalog\/wp-json\/wp\/v2\/product_cat?post=31875"},{"taxonomy":"product_tag","embeddable":true,"href":"https:\/\/www.ernstbrunn-apotheke.at\/katalog\/wp-json\/wp\/v2\/product_tag?post=31875"}],"curies":[{"name":"wp","href":"https:\/\/api.w.org\/{rel}","templated":true}]}}