{"id":31832,"date":"2025-11-10T11:25:38","date_gmt":"2025-11-10T10:25:38","guid":{"rendered":"https:\/\/www.ernstbrunn-apotheke.at\/katalog\/produkt\/activomin-kapseln-60-stk\/"},"modified":"2025-12-08T15:18:08","modified_gmt":"2025-12-08T14:18:08","slug":"activomin-kapseln-60-stk","status":"publish","type":"product","link":"https:\/\/www.ernstbrunn-apotheke.at\/katalog\/produkt\/activomin-kapseln-60-stk\/","title":{"rendered":"Activomin Kapseln 60 Stk."},"content":{"rendered":"<p>Activomin Kapseln besitzen die F\u00e4higkeit, Schadstoffe und Toxine im menschlichen Darm fest an sich zu binden. Dadurch werden sch\u00e4dliche Substanzen nicht von unserem K\u00f6rper aufgenommen, genauso wenig wie sie in die Blutbahn gelangen k\u00f6nnen. Die gebundenen Giftstoffe werden ausgeschieden, noch bevor eine sch\u00e4digende Wirkung entsteht.Humins\u00e4uren sind nat\u00fcrliche Abbauprodukte von Pflanzen, die \u00fcberall in der Natur vorkommen. In der Medizin zeigen Humins\u00e4uren einen besonderen Nutzen, weil sie dazu in der Lage sind Haut und Schleimh\u00e4ute zu sch\u00fctzen, die Verdauung zu f\u00f6rdern und die k\u00f6rpereigene Abwehr zu st\u00e4rken..<\/p>\n","protected":false},"excerpt":{"rendered":"<p>Activomin Kapseln besitzen die F\u00e4higkeit, Schadstoffe und Toxine im menschlichen Darm fest an sich zu binden. Dadurch werden sch\u00e4dliche Substanzen nicht von unserem K\u00f6rper aufgenommen, genauso wenig wie sie in die Blutbahn gelangen k\u00f6nnen. Die gebundenen Giftstoffe werden ausgeschieden, noch bevor eine sch\u00e4digende Wirkung entsteht.Humins\u00e4uren sind nat\u00fcrliche Abbauprodukte von Pflanzen, die \u00fcberall in der Natur [&hellip;]<\/p>\n","protected":false},"featured_media":31834,"template":"","meta":{"_acf_changed":false},"product_brand":[],"product_cat":[801],"product_tag":[],"class_list":{"0":"post-31832","1":"product","2":"type-product","3":"status-publish","4":"has-post-thumbnail","6":"product_cat-a","7":"pa_packungsgroesse-60-stueck","9":"first","10":"instock","11":"shipping-taxable","12":"purchasable","13":"product-type-simple"},"acf":[],"_links":{"self":[{"href":"https:\/\/www.ernstbrunn-apotheke.at\/katalog\/wp-json\/wp\/v2\/product\/31832","targetHints":{"allow":["GET"]}}],"collection":[{"href":"https:\/\/www.ernstbrunn-apotheke.at\/katalog\/wp-json\/wp\/v2\/product"}],"about":[{"href":"https:\/\/www.ernstbrunn-apotheke.at\/katalog\/wp-json\/wp\/v2\/types\/product"}],"wp:featuredmedia":[{"embeddable":true,"href":"https:\/\/www.ernstbrunn-apotheke.at\/katalog\/wp-json\/wp\/v2\/media\/31834"}],"wp:attachment":[{"href":"https:\/\/www.ernstbrunn-apotheke.at\/katalog\/wp-json\/wp\/v2\/media?parent=31832"}],"wp:term":[{"taxonomy":"product_brand","embeddable":true,"href":"https:\/\/www.ernstbrunn-apotheke.at\/katalog\/wp-json\/wp\/v2\/product_brand?post=31832"},{"taxonomy":"product_cat","embeddable":true,"href":"https:\/\/www.ernstbrunn-apotheke.at\/katalog\/wp-json\/wp\/v2\/product_cat?post=31832"},{"taxonomy":"product_tag","embeddable":true,"href":"https:\/\/www.ernstbrunn-apotheke.at\/katalog\/wp-json\/wp\/v2\/product_tag?post=31832"}],"curies":[{"name":"wp","href":"https:\/\/api.w.org\/{rel}","templated":true}]}}