{"id":31791,"date":"2025-11-10T11:24:28","date_gmt":"2025-11-10T10:24:28","guid":{"rendered":"https:\/\/www.ernstbrunn-apotheke.at\/katalog\/produkt\/green-health-pure-curcuma-kapseln\/"},"modified":"2025-12-08T15:18:00","modified_gmt":"2025-12-08T14:18:00","slug":"green-health-pure-curcuma-kapseln","status":"publish","type":"product","link":"https:\/\/www.ernstbrunn-apotheke.at\/katalog\/produkt\/green-health-pure-curcuma-kapseln\/","title":{"rendered":"Green Health Pure Curcuma Kapseln"},"content":{"rendered":"<p>Green Health Pure Curcuma Kapseln 90 Stk. aus 79,9 Prozent reinem Curcumin besitzt entz\u00fcndungshemmende und lebersch\u00fctzende Wirkmechanismen. Der zus\u00e4tzlich enthaltene schwarze Pfeffer kann die Aufnahmef\u00e4higkeit im K\u00f6rper und somit dessen biologische Verf\u00fcgbarkeit erh\u00f6hen.<\/p>\n","protected":false},"excerpt":{"rendered":"<p>Green Health Pure Curcuma Kapseln 90 Stk. aus 79,9 Prozent reinem Curcumin besitzt entz\u00fcndungshemmende und lebersch\u00fctzende Wirkmechanismen. Der zus\u00e4tzlich enthaltene schwarze Pfeffer kann die Aufnahmef\u00e4higkeit im K\u00f6rper und somit dessen biologische Verf\u00fcgbarkeit erh\u00f6hen.<\/p>\n","protected":false},"featured_media":31793,"template":"","meta":{"_acf_changed":false},"product_brand":[499],"product_cat":[810],"product_tag":[],"class_list":{"0":"post-31791","1":"product","2":"type-product","3":"status-publish","4":"has-post-thumbnail","6":"product_brand-green-health","7":"product_cat-g","8":"pa_packungsgroesse-90-stueck","10":"first","11":"instock","12":"shipping-taxable","13":"purchasable","14":"product-type-simple"},"acf":[],"_links":{"self":[{"href":"https:\/\/www.ernstbrunn-apotheke.at\/katalog\/wp-json\/wp\/v2\/product\/31791","targetHints":{"allow":["GET"]}}],"collection":[{"href":"https:\/\/www.ernstbrunn-apotheke.at\/katalog\/wp-json\/wp\/v2\/product"}],"about":[{"href":"https:\/\/www.ernstbrunn-apotheke.at\/katalog\/wp-json\/wp\/v2\/types\/product"}],"wp:featuredmedia":[{"embeddable":true,"href":"https:\/\/www.ernstbrunn-apotheke.at\/katalog\/wp-json\/wp\/v2\/media\/31793"}],"wp:attachment":[{"href":"https:\/\/www.ernstbrunn-apotheke.at\/katalog\/wp-json\/wp\/v2\/media?parent=31791"}],"wp:term":[{"taxonomy":"product_brand","embeddable":true,"href":"https:\/\/www.ernstbrunn-apotheke.at\/katalog\/wp-json\/wp\/v2\/product_brand?post=31791"},{"taxonomy":"product_cat","embeddable":true,"href":"https:\/\/www.ernstbrunn-apotheke.at\/katalog\/wp-json\/wp\/v2\/product_cat?post=31791"},{"taxonomy":"product_tag","embeddable":true,"href":"https:\/\/www.ernstbrunn-apotheke.at\/katalog\/wp-json\/wp\/v2\/product_tag?post=31791"}],"curies":[{"name":"wp","href":"https:\/\/api.w.org\/{rel}","templated":true}]}}