{"id":31761,"date":"2025-11-10T11:23:55","date_gmt":"2025-11-10T10:23:55","guid":{"rendered":"https:\/\/www.ernstbrunn-apotheke.at\/katalog\/produkt\/curcumin-loges-kapseln-2\/"},"modified":"2025-12-08T15:17:53","modified_gmt":"2025-12-08T14:17:53","slug":"curcumin-loges-kapseln-2","status":"publish","type":"product","link":"https:\/\/www.ernstbrunn-apotheke.at\/katalog\/produkt\/curcumin-loges-kapseln-2\/","title":{"rendered":"Curcumin-Loges Kapseln"},"content":{"rendered":"<p>Curcumin Loges Kapseln tragen mit Vitamin D zur normalen Funktion des Immunsystems bei und unterst\u00fctzt eine gesunde Immunantwort bei Entz\u00fcndungen. Es sch\u00f6pft das Potenzial der Kurkuma-Wurzel mit herausragender Bioverf\u00fcgbarkeit durch Mizellenbildung voll aus. Vitamin D kann \u00fcber die Nahrung zugef\u00fchrt und durch Sonnenbestrahlung in der Haut gebildet werden. Die Deckung des Bedarfs ist insbesondere bei geringer Sonnenexposition schwierig. Eine Nahrungserg\u00e4nzung mit Vitamin D kann daher besonders in den dunklen Wintermonaten sinnvoll sein.Die Gelbwurz, oder auch Curcuma genannt, ist eine ausdauernde Pflanze, die im tropischen Klima Indiens beheimatet ist. Aus den gelben, stark verzweigten Wurzelst\u00f6cken wachsen an Halmen sehr gro\u00dfe, l\u00e4nglich zugespitzte Bl\u00e4tter und gro\u00dfe, wei\u00df-gr\u00fcnliche bis purpurfarbene Bl\u00fcten..<\/p>\n","protected":false},"excerpt":{"rendered":"<p>Curcumin Loges Kapseln tragen mit Vitamin D zur normalen Funktion des Immunsystems bei und unterst\u00fctzt eine gesunde Immunantwort bei Entz\u00fcndungen. Es sch\u00f6pft das Potenzial der Kurkuma-Wurzel mit herausragender Bioverf\u00fcgbarkeit durch Mizellenbildung voll aus. Vitamin D kann \u00fcber die Nahrung zugef\u00fchrt und durch Sonnenbestrahlung in der Haut gebildet werden. Die Deckung des Bedarfs ist insbesondere bei [&hellip;]<\/p>\n","protected":false},"featured_media":31671,"template":"","meta":{"_acf_changed":false},"product_brand":[508],"product_cat":[812],"product_tag":[],"class_list":{"0":"post-31761","1":"product","2":"type-product","3":"status-publish","4":"has-post-thumbnail","6":"product_brand-dr-loges","7":"product_cat-c","8":"pa_packungsgroesse-120-stueck","10":"first","11":"instock","12":"shipping-taxable","13":"purchasable","14":"product-type-simple"},"acf":[],"_links":{"self":[{"href":"https:\/\/www.ernstbrunn-apotheke.at\/katalog\/wp-json\/wp\/v2\/product\/31761","targetHints":{"allow":["GET"]}}],"collection":[{"href":"https:\/\/www.ernstbrunn-apotheke.at\/katalog\/wp-json\/wp\/v2\/product"}],"about":[{"href":"https:\/\/www.ernstbrunn-apotheke.at\/katalog\/wp-json\/wp\/v2\/types\/product"}],"wp:featuredmedia":[{"embeddable":true,"href":"https:\/\/www.ernstbrunn-apotheke.at\/katalog\/wp-json\/wp\/v2\/media\/31671"}],"wp:attachment":[{"href":"https:\/\/www.ernstbrunn-apotheke.at\/katalog\/wp-json\/wp\/v2\/media?parent=31761"}],"wp:term":[{"taxonomy":"product_brand","embeddable":true,"href":"https:\/\/www.ernstbrunn-apotheke.at\/katalog\/wp-json\/wp\/v2\/product_brand?post=31761"},{"taxonomy":"product_cat","embeddable":true,"href":"https:\/\/www.ernstbrunn-apotheke.at\/katalog\/wp-json\/wp\/v2\/product_cat?post=31761"},{"taxonomy":"product_tag","embeddable":true,"href":"https:\/\/www.ernstbrunn-apotheke.at\/katalog\/wp-json\/wp\/v2\/product_tag?post=31761"}],"curies":[{"name":"wp","href":"https:\/\/api.w.org\/{rel}","templated":true}]}}