{"id":31705,"date":"2025-11-10T11:23:10","date_gmt":"2025-11-10T10:23:10","guid":{"rendered":"https:\/\/www.ernstbrunn-apotheke.at\/katalog\/produkt\/synerga-loesung-100-ml\/"},"modified":"2025-12-08T15:17:40","modified_gmt":"2025-12-08T14:17:40","slug":"synerga-loesung-100-ml","status":"publish","type":"product","link":"https:\/\/www.ernstbrunn-apotheke.at\/katalog\/produkt\/synerga-loesung-100-ml\/","title":{"rendered":"Synerga L\u00f6sung 100 ml"},"content":{"rendered":"<p>Synerga L\u00f6sung ist ein Darmschleimhauttherapeutikum, das als Ziel die Ursachenbek\u00e4mpfung der Allergieentstehung hat. Dies gelingt durch seine entz\u00fcndungshemmende und die Schleimhaut regenerierende Wirkung. Sehr bew\u00e4hrt hat sich das Mittel in allen Studien und vor allem der Praxis im Einsatz gegen allergische Erkrankungen, wie dem Heuschnupfen, der Sonnenallergie und auch der Allergie auf Hausstaubmilben..<\/p>\n","protected":false},"excerpt":{"rendered":"<p>Synerga L\u00f6sung ist ein Darmschleimhauttherapeutikum, das als Ziel die Ursachenbek\u00e4mpfung der Allergieentstehung hat. Dies gelingt durch seine entz\u00fcndungshemmende und die Schleimhaut regenerierende Wirkung. Sehr bew\u00e4hrt hat sich das Mittel in allen Studien und vor allem der Praxis im Einsatz gegen allergische Erkrankungen, wie dem Heuschnupfen, der Sonnenallergie und auch der Allergie auf Hausstaubmilben..<\/p>\n","protected":false},"featured_media":31707,"template":"","meta":{"_acf_changed":false},"product_brand":[],"product_cat":[791],"product_tag":[],"class_list":{"0":"post-31705","1":"product","2":"type-product","3":"status-publish","4":"has-post-thumbnail","6":"product_cat-s","7":"pa_packungsgroesse-100ml","9":"first","10":"instock","11":"shipping-taxable","12":"purchasable","13":"product-type-simple"},"acf":[],"_links":{"self":[{"href":"https:\/\/www.ernstbrunn-apotheke.at\/katalog\/wp-json\/wp\/v2\/product\/31705","targetHints":{"allow":["GET"]}}],"collection":[{"href":"https:\/\/www.ernstbrunn-apotheke.at\/katalog\/wp-json\/wp\/v2\/product"}],"about":[{"href":"https:\/\/www.ernstbrunn-apotheke.at\/katalog\/wp-json\/wp\/v2\/types\/product"}],"wp:featuredmedia":[{"embeddable":true,"href":"https:\/\/www.ernstbrunn-apotheke.at\/katalog\/wp-json\/wp\/v2\/media\/31707"}],"wp:attachment":[{"href":"https:\/\/www.ernstbrunn-apotheke.at\/katalog\/wp-json\/wp\/v2\/media?parent=31705"}],"wp:term":[{"taxonomy":"product_brand","embeddable":true,"href":"https:\/\/www.ernstbrunn-apotheke.at\/katalog\/wp-json\/wp\/v2\/product_brand?post=31705"},{"taxonomy":"product_cat","embeddable":true,"href":"https:\/\/www.ernstbrunn-apotheke.at\/katalog\/wp-json\/wp\/v2\/product_cat?post=31705"},{"taxonomy":"product_tag","embeddable":true,"href":"https:\/\/www.ernstbrunn-apotheke.at\/katalog\/wp-json\/wp\/v2\/product_tag?post=31705"}],"curies":[{"name":"wp","href":"https:\/\/api.w.org\/{rel}","templated":true}]}}