{"id":31690,"date":"2025-11-10T11:22:54","date_gmt":"2025-11-10T10:22:54","guid":{"rendered":"https:\/\/www.ernstbrunn-apotheke.at\/katalog\/produkt\/colomed-kapseln-20-stk\/"},"modified":"2025-12-08T15:17:33","modified_gmt":"2025-12-08T14:17:33","slug":"colomed-kapseln-20-stk","status":"publish","type":"product","link":"https:\/\/www.ernstbrunn-apotheke.at\/katalog\/produkt\/colomed-kapseln-20-stk\/","title":{"rendered":"Colomed Kapseln 20 Stk."},"content":{"rendered":"<p>Colomed Kapseln sind ein di\u00e4tetisches Lebensmittel, welches f\u00fcr die besonderen Bed\u00fcrfnisse bei antibiotika-assoziierter Diarrh\u00f6 entwickelt wurde. Die vier enthaltenen probiotischen Bakterienst\u00e4mme helfen das Gleichgewicht der gesch\u00e4digten Darmflora wiederherzustellen. Das spezielle Herstellungsverfahren sch\u00fctzt die empfindlichen Bakterienkulturen vor der Magens\u00e4ure.<\/p>\n","protected":false},"excerpt":{"rendered":"<p>Colomed Kapseln sind ein di\u00e4tetisches Lebensmittel, welches f\u00fcr die besonderen Bed\u00fcrfnisse bei antibiotika-assoziierter Diarrh\u00f6 entwickelt wurde. Die vier enthaltenen probiotischen Bakterienst\u00e4mme helfen das Gleichgewicht der gesch\u00e4digten Darmflora wiederherzustellen. Das spezielle Herstellungsverfahren sch\u00fctzt die empfindlichen Bakterienkulturen vor der Magens\u00e4ure.<\/p>\n","protected":false},"featured_media":31692,"template":"","meta":{"_acf_changed":false},"product_brand":[],"product_cat":[812],"product_tag":[],"class_list":{"0":"post-31690","1":"product","2":"type-product","3":"status-publish","4":"has-post-thumbnail","6":"product_cat-c","7":"pa_packungsgroesse-20-stueck","9":"first","10":"instock","11":"shipping-taxable","12":"purchasable","13":"product-type-simple"},"acf":[],"_links":{"self":[{"href":"https:\/\/www.ernstbrunn-apotheke.at\/katalog\/wp-json\/wp\/v2\/product\/31690","targetHints":{"allow":["GET"]}}],"collection":[{"href":"https:\/\/www.ernstbrunn-apotheke.at\/katalog\/wp-json\/wp\/v2\/product"}],"about":[{"href":"https:\/\/www.ernstbrunn-apotheke.at\/katalog\/wp-json\/wp\/v2\/types\/product"}],"wp:featuredmedia":[{"embeddable":true,"href":"https:\/\/www.ernstbrunn-apotheke.at\/katalog\/wp-json\/wp\/v2\/media\/31692"}],"wp:attachment":[{"href":"https:\/\/www.ernstbrunn-apotheke.at\/katalog\/wp-json\/wp\/v2\/media?parent=31690"}],"wp:term":[{"taxonomy":"product_brand","embeddable":true,"href":"https:\/\/www.ernstbrunn-apotheke.at\/katalog\/wp-json\/wp\/v2\/product_brand?post=31690"},{"taxonomy":"product_cat","embeddable":true,"href":"https:\/\/www.ernstbrunn-apotheke.at\/katalog\/wp-json\/wp\/v2\/product_cat?post=31690"},{"taxonomy":"product_tag","embeddable":true,"href":"https:\/\/www.ernstbrunn-apotheke.at\/katalog\/wp-json\/wp\/v2\/product_tag?post=31690"}],"curies":[{"name":"wp","href":"https:\/\/api.w.org\/{rel}","templated":true}]}}