{"id":31683,"date":"2025-11-10T11:22:54","date_gmt":"2025-11-10T10:22:54","guid":{"rendered":"https:\/\/www.ernstbrunn-apotheke.at\/katalog\/produkt\/multiflora-darmmanager-2-g\/"},"modified":"2025-12-08T15:17:28","modified_gmt":"2025-12-08T14:17:28","slug":"multiflora-darmmanager-2-g","status":"publish","type":"product","link":"https:\/\/www.ernstbrunn-apotheke.at\/katalog\/produkt\/multiflora-darmmanager-2-g\/","title":{"rendered":"MULTIflora Darmmanager 2 g"},"content":{"rendered":"<p>Der Multiflora Darmmanager 80% unseres Immunsystems sitzen im Darm! Ungesunde Essgewohnheiten, starke Belastungen wie Stress, Infektionen oder Arzneimittel k\u00f6nnen die sensible Darmflora st\u00f6ren. Ein Ungleichgewicht im Darm (Dysbiose) kann entstehen. Multiflora Darmmanager liefert der Darmflora eine ideal abgestimmte Mischung aus 7 nat\u00fcrlichen, vermehrungsf\u00e4higen Darmbakterienst\u00e4mmen. Zus\u00e4tzlich enth\u00e4lt das Probiotikum Vitamin B8 (Biotin) als Beitrag zur Erhaltung normaler Schleimh\u00e4ute \u2013 dieses und weitere MULTIflora\u00ae Produkte mit hohem Rabatt bestellen!<\/p>\n","protected":false},"excerpt":{"rendered":"<p>Der Multiflora Darmmanager 80% unseres Immunsystems sitzen im Darm! Ungesunde Essgewohnheiten, starke Belastungen wie Stress, Infektionen oder Arzneimittel k\u00f6nnen die sensible Darmflora st\u00f6ren. Ein Ungleichgewicht im Darm (Dysbiose) kann entstehen. Multiflora Darmmanager liefert der Darmflora eine ideal abgestimmte Mischung aus 7 nat\u00fcrlichen, vermehrungsf\u00e4higen Darmbakterienst\u00e4mmen. Zus\u00e4tzlich enth\u00e4lt das Probiotikum Vitamin B8 (Biotin) als Beitrag zur Erhaltung [&hellip;]<\/p>\n","protected":false},"featured_media":31685,"template":"","meta":{"_acf_changed":false},"product_brand":[841],"product_cat":[800],"product_tag":[],"class_list":{"0":"post-31683","1":"product","2":"type-product","3":"status-publish","4":"has-post-thumbnail","6":"product_brand-multiflora","7":"product_cat-m","8":"pa_packungsgroesse-30-beutel","10":"first","11":"instock","12":"shipping-taxable","13":"purchasable","14":"product-type-simple"},"acf":[],"_links":{"self":[{"href":"https:\/\/www.ernstbrunn-apotheke.at\/katalog\/wp-json\/wp\/v2\/product\/31683","targetHints":{"allow":["GET"]}}],"collection":[{"href":"https:\/\/www.ernstbrunn-apotheke.at\/katalog\/wp-json\/wp\/v2\/product"}],"about":[{"href":"https:\/\/www.ernstbrunn-apotheke.at\/katalog\/wp-json\/wp\/v2\/types\/product"}],"wp:featuredmedia":[{"embeddable":true,"href":"https:\/\/www.ernstbrunn-apotheke.at\/katalog\/wp-json\/wp\/v2\/media\/31685"}],"wp:attachment":[{"href":"https:\/\/www.ernstbrunn-apotheke.at\/katalog\/wp-json\/wp\/v2\/media?parent=31683"}],"wp:term":[{"taxonomy":"product_brand","embeddable":true,"href":"https:\/\/www.ernstbrunn-apotheke.at\/katalog\/wp-json\/wp\/v2\/product_brand?post=31683"},{"taxonomy":"product_cat","embeddable":true,"href":"https:\/\/www.ernstbrunn-apotheke.at\/katalog\/wp-json\/wp\/v2\/product_cat?post=31683"},{"taxonomy":"product_tag","embeddable":true,"href":"https:\/\/www.ernstbrunn-apotheke.at\/katalog\/wp-json\/wp\/v2\/product_tag?post=31683"}],"curies":[{"name":"wp","href":"https:\/\/api.w.org\/{rel}","templated":true}]}}