{"id":31616,"date":"2025-11-10T11:21:35","date_gmt":"2025-11-10T10:21:35","guid":{"rendered":"https:\/\/www.ernstbrunn-apotheke.at\/katalog\/produkt\/nicapur-nicalact-biotik-kapseln-20-stk\/"},"modified":"2025-12-08T15:17:07","modified_gmt":"2025-12-08T14:17:07","slug":"nicapur-nicalact-biotik-kapseln-20-stk","status":"publish","type":"product","link":"https:\/\/www.ernstbrunn-apotheke.at\/katalog\/produkt\/nicapur-nicalact-biotik-kapseln-20-stk\/","title":{"rendered":"Nicapur NicaLact Biotik Kapseln 20 Stk."},"content":{"rendered":"<p>Nicalat Probiotic Kapseln sind ein Nahrungserg\u00e4nzungsmittel von Nicapur mit 10 probiotischen Bakterienst\u00e4mmen in hoher Konzentration und Inulin aus der Zichorienwurzel. Ein Multistamm-Pr\u00e4parat mit 10 definierten Bakterienst\u00e4mmen, mit 6 Milliarden KBE (koloniebildenden Einheiten) pro Tagesdosis.<\/p>\n","protected":false},"excerpt":{"rendered":"<p>Nicalat Probiotic Kapseln sind ein Nahrungserg\u00e4nzungsmittel von Nicapur mit 10 probiotischen Bakterienst\u00e4mmen in hoher Konzentration und Inulin aus der Zichorienwurzel. Ein Multistamm-Pr\u00e4parat mit 10 definierten Bakterienst\u00e4mmen, mit 6 Milliarden KBE (koloniebildenden Einheiten) pro Tagesdosis.<\/p>\n","protected":false},"featured_media":31618,"template":"","meta":{"_acf_changed":false},"product_brand":[352],"product_cat":[797],"product_tag":[],"class_list":{"0":"post-31616","1":"product","2":"type-product","3":"status-publish","4":"has-post-thumbnail","6":"product_brand-nicapur","7":"product_cat-n","8":"pa_packungsgroesse-20-stueck","9":"pa_packungsgroesse-90-stueck","11":"first","12":"instock","13":"shipping-taxable","14":"purchasable","15":"product-type-simple"},"acf":[],"_links":{"self":[{"href":"https:\/\/www.ernstbrunn-apotheke.at\/katalog\/wp-json\/wp\/v2\/product\/31616","targetHints":{"allow":["GET"]}}],"collection":[{"href":"https:\/\/www.ernstbrunn-apotheke.at\/katalog\/wp-json\/wp\/v2\/product"}],"about":[{"href":"https:\/\/www.ernstbrunn-apotheke.at\/katalog\/wp-json\/wp\/v2\/types\/product"}],"wp:featuredmedia":[{"embeddable":true,"href":"https:\/\/www.ernstbrunn-apotheke.at\/katalog\/wp-json\/wp\/v2\/media\/31618"}],"wp:attachment":[{"href":"https:\/\/www.ernstbrunn-apotheke.at\/katalog\/wp-json\/wp\/v2\/media?parent=31616"}],"wp:term":[{"taxonomy":"product_brand","embeddable":true,"href":"https:\/\/www.ernstbrunn-apotheke.at\/katalog\/wp-json\/wp\/v2\/product_brand?post=31616"},{"taxonomy":"product_cat","embeddable":true,"href":"https:\/\/www.ernstbrunn-apotheke.at\/katalog\/wp-json\/wp\/v2\/product_cat?post=31616"},{"taxonomy":"product_tag","embeddable":true,"href":"https:\/\/www.ernstbrunn-apotheke.at\/katalog\/wp-json\/wp\/v2\/product_tag?post=31616"}],"curies":[{"name":"wp","href":"https:\/\/api.w.org\/{rel}","templated":true}]}}