{"id":31613,"date":"2025-11-10T11:21:16","date_gmt":"2025-11-10T10:21:16","guid":{"rendered":"https:\/\/www.ernstbrunn-apotheke.at\/katalog\/produkt\/omni-biotic-power-28-x-4-g\/"},"modified":"2025-12-08T15:17:05","modified_gmt":"2025-12-08T14:17:05","slug":"omni-biotic-power-28-x-4-g","status":"publish","type":"product","link":"https:\/\/www.ernstbrunn-apotheke.at\/katalog\/produkt\/omni-biotic-power-28-x-4-g\/","title":{"rendered":"OMNi-BiOTiC Power 28 x 4 g"},"content":{"rendered":"<p>OMNI BIOTIC Power ist ein di\u00e4tetisches Lebensmittel zur Behandlung von durch hohe Belastung chronisch entz\u00fcndlich ver\u00e4nderten Darmschleimh\u00e4uten. Es wurde speziell f\u00fcr Menschen entwickelt, die unter hoher Leistungsanforderung stehen, bzw. ihre Leistungsf\u00e4higkeit verbessern wollen.<\/p>\n","protected":false},"excerpt":{"rendered":"<p>OMNI BIOTIC Power ist ein di\u00e4tetisches Lebensmittel zur Behandlung von durch hohe Belastung chronisch entz\u00fcndlich ver\u00e4nderten Darmschleimh\u00e4uten. Es wurde speziell f\u00fcr Menschen entwickelt, die unter hoher Leistungsanforderung stehen, bzw. ihre Leistungsf\u00e4higkeit verbessern wollen.<\/p>\n","protected":false},"featured_media":31615,"template":"","meta":{"_acf_changed":false},"product_brand":[832],"product_cat":[819],"product_tag":[],"class_list":{"0":"post-31613","1":"product","2":"type-product","3":"status-publish","4":"has-post-thumbnail","6":"product_brand-omni-biotic","7":"product_cat-o","8":"pa_packungsgroesse-28-stueck","10":"first","11":"instock","12":"shipping-taxable","13":"purchasable","14":"product-type-simple"},"acf":[],"_links":{"self":[{"href":"https:\/\/www.ernstbrunn-apotheke.at\/katalog\/wp-json\/wp\/v2\/product\/31613","targetHints":{"allow":["GET"]}}],"collection":[{"href":"https:\/\/www.ernstbrunn-apotheke.at\/katalog\/wp-json\/wp\/v2\/product"}],"about":[{"href":"https:\/\/www.ernstbrunn-apotheke.at\/katalog\/wp-json\/wp\/v2\/types\/product"}],"wp:featuredmedia":[{"embeddable":true,"href":"https:\/\/www.ernstbrunn-apotheke.at\/katalog\/wp-json\/wp\/v2\/media\/31615"}],"wp:attachment":[{"href":"https:\/\/www.ernstbrunn-apotheke.at\/katalog\/wp-json\/wp\/v2\/media?parent=31613"}],"wp:term":[{"taxonomy":"product_brand","embeddable":true,"href":"https:\/\/www.ernstbrunn-apotheke.at\/katalog\/wp-json\/wp\/v2\/product_brand?post=31613"},{"taxonomy":"product_cat","embeddable":true,"href":"https:\/\/www.ernstbrunn-apotheke.at\/katalog\/wp-json\/wp\/v2\/product_cat?post=31613"},{"taxonomy":"product_tag","embeddable":true,"href":"https:\/\/www.ernstbrunn-apotheke.at\/katalog\/wp-json\/wp\/v2\/product_tag?post=31613"}],"curies":[{"name":"wp","href":"https:\/\/api.w.org\/{rel}","templated":true}]}}