{"id":31604,"date":"2025-11-10T11:21:16","date_gmt":"2025-11-10T10:21:16","guid":{"rendered":"https:\/\/www.ernstbrunn-apotheke.at\/katalog\/produkt\/tasectan-duo-erwachsene-tabletten-500-mg-12-stk\/"},"modified":"2025-12-08T15:17:03","modified_gmt":"2025-12-08T14:17:03","slug":"tasectan-duo-erwachsene-tabletten-500-mg-12-stk","status":"publish","type":"product","link":"https:\/\/www.ernstbrunn-apotheke.at\/katalog\/produkt\/tasectan-duo-erwachsene-tabletten-500-mg-12-stk\/","title":{"rendered":"Tasectan DUO Erwachsene Tabletten 500 mg 12 Stk."},"content":{"rendered":"<p>Tasectan\u00ae DUO Erwachsene Tabletten 500 mg 12 Stk. stoppt akuten Durchfall und st\u00e4rkt die Abwehrkraft des Darms. Es enth\u00e4lt neben Gelatinetannat, das die Darmschleimhaut sch\u00fctzt und f\u00fcr eine rasche Symptomkontrolle sorgt, eine Mischung von tyndallisierten Milchs\u00e4urebakterien. Diese st\u00e4rken die Abwehrkraft des Darms und gew\u00e4hrleisten eine rasche Wiederherstellung der optimalen, physiologischen Darmbedingungen.<\/p>\n","protected":false},"excerpt":{"rendered":"<p>Tasectan\u00ae DUO Erwachsene Tabletten 500 mg 12 Stk. stoppt akuten Durchfall und st\u00e4rkt die Abwehrkraft des Darms. Es enth\u00e4lt neben Gelatinetannat, das die Darmschleimhaut sch\u00fctzt und f\u00fcr eine rasche Symptomkontrolle sorgt, eine Mischung von tyndallisierten Milchs\u00e4urebakterien. Diese st\u00e4rken die Abwehrkraft des Darms und gew\u00e4hrleisten eine rasche Wiederherstellung der optimalen, physiologischen Darmbedingungen.<\/p>\n","protected":false},"featured_media":31606,"template":"","meta":{"_acf_changed":false},"product_brand":[],"product_cat":[798],"product_tag":[],"class_list":{"0":"post-31604","1":"product","2":"type-product","3":"status-publish","4":"has-post-thumbnail","6":"product_cat-t","7":"pa_packungsgroesse-12-stueck","9":"first","10":"instock","11":"shipping-taxable","12":"purchasable","13":"product-type-simple"},"acf":[],"_links":{"self":[{"href":"https:\/\/www.ernstbrunn-apotheke.at\/katalog\/wp-json\/wp\/v2\/product\/31604","targetHints":{"allow":["GET"]}}],"collection":[{"href":"https:\/\/www.ernstbrunn-apotheke.at\/katalog\/wp-json\/wp\/v2\/product"}],"about":[{"href":"https:\/\/www.ernstbrunn-apotheke.at\/katalog\/wp-json\/wp\/v2\/types\/product"}],"wp:featuredmedia":[{"embeddable":true,"href":"https:\/\/www.ernstbrunn-apotheke.at\/katalog\/wp-json\/wp\/v2\/media\/31606"}],"wp:attachment":[{"href":"https:\/\/www.ernstbrunn-apotheke.at\/katalog\/wp-json\/wp\/v2\/media?parent=31604"}],"wp:term":[{"taxonomy":"product_brand","embeddable":true,"href":"https:\/\/www.ernstbrunn-apotheke.at\/katalog\/wp-json\/wp\/v2\/product_brand?post=31604"},{"taxonomy":"product_cat","embeddable":true,"href":"https:\/\/www.ernstbrunn-apotheke.at\/katalog\/wp-json\/wp\/v2\/product_cat?post=31604"},{"taxonomy":"product_tag","embeddable":true,"href":"https:\/\/www.ernstbrunn-apotheke.at\/katalog\/wp-json\/wp\/v2\/product_tag?post=31604"}],"curies":[{"name":"wp","href":"https:\/\/api.w.org\/{rel}","templated":true}]}}