{"id":31584,"date":"2025-11-10T11:20:50","date_gmt":"2025-11-10T10:20:50","guid":{"rendered":"https:\/\/www.ernstbrunn-apotheke.at\/katalog\/produkt\/optifibre-1-stk-125-g\/"},"modified":"2025-12-08T15:16:56","modified_gmt":"2025-12-08T14:16:56","slug":"optifibre-1-stk-125-g","status":"publish","type":"product","link":"https:\/\/www.ernstbrunn-apotheke.at\/katalog\/produkt\/optifibre-1-stk-125-g\/","title":{"rendered":"Optifibre 1 Stk. 125 g"},"content":{"rendered":"<p>OptiFibre ist ein Lebensmittel f\u00fcr besondere medizinische Zwecke (bilanzierte Di\u00e4t) zum Di\u00e4tmanagement bei gest\u00f6rter Funktion des Dickdarms zur N\u00e4hrstoffresorption und -ausscheidung bei Diarrh\u00f6 (Durchfall) und Obstipation (Verstopfung) &#8211; Jetzt schnell und ohne Lieferkosten* stark preisgesenkt bestellen!<\/p>\n","protected":false},"excerpt":{"rendered":"<p>OptiFibre ist ein Lebensmittel f\u00fcr besondere medizinische Zwecke (bilanzierte Di\u00e4t) zum Di\u00e4tmanagement bei gest\u00f6rter Funktion des Dickdarms zur N\u00e4hrstoffresorption und -ausscheidung bei Diarrh\u00f6 (Durchfall) und Obstipation (Verstopfung) &#8211; Jetzt schnell und ohne Lieferkosten* stark preisgesenkt bestellen!<\/p>\n","protected":false},"featured_media":31586,"template":"","meta":{"_acf_changed":false},"product_brand":[],"product_cat":[819],"product_tag":[],"class_list":{"0":"post-31584","1":"product","2":"type-product","3":"status-publish","4":"has-post-thumbnail","6":"product_cat-o","7":"pa_packungsgroesse-500","9":"first","10":"instock","11":"shipping-taxable","12":"purchasable","13":"product-type-simple"},"acf":[],"_links":{"self":[{"href":"https:\/\/www.ernstbrunn-apotheke.at\/katalog\/wp-json\/wp\/v2\/product\/31584","targetHints":{"allow":["GET"]}}],"collection":[{"href":"https:\/\/www.ernstbrunn-apotheke.at\/katalog\/wp-json\/wp\/v2\/product"}],"about":[{"href":"https:\/\/www.ernstbrunn-apotheke.at\/katalog\/wp-json\/wp\/v2\/types\/product"}],"wp:featuredmedia":[{"embeddable":true,"href":"https:\/\/www.ernstbrunn-apotheke.at\/katalog\/wp-json\/wp\/v2\/media\/31586"}],"wp:attachment":[{"href":"https:\/\/www.ernstbrunn-apotheke.at\/katalog\/wp-json\/wp\/v2\/media?parent=31584"}],"wp:term":[{"taxonomy":"product_brand","embeddable":true,"href":"https:\/\/www.ernstbrunn-apotheke.at\/katalog\/wp-json\/wp\/v2\/product_brand?post=31584"},{"taxonomy":"product_cat","embeddable":true,"href":"https:\/\/www.ernstbrunn-apotheke.at\/katalog\/wp-json\/wp\/v2\/product_cat?post=31584"},{"taxonomy":"product_tag","embeddable":true,"href":"https:\/\/www.ernstbrunn-apotheke.at\/katalog\/wp-json\/wp\/v2\/product_tag?post=31584"}],"curies":[{"name":"wp","href":"https:\/\/api.w.org\/{rel}","templated":true}]}}