{"id":31579,"date":"2025-11-10T11:20:50","date_gmt":"2025-11-10T10:20:50","guid":{"rendered":"https:\/\/www.ernstbrunn-apotheke.at\/katalog\/produkt\/lytomed-heidelbeer-elektrolyt-loesung-12-sachets\/"},"modified":"2025-12-08T15:16:55","modified_gmt":"2025-12-08T14:16:55","slug":"lytomed-heidelbeer-elektrolyt-loesung-12-sachets","status":"publish","type":"product","link":"https:\/\/www.ernstbrunn-apotheke.at\/katalog\/produkt\/lytomed-heidelbeer-elektrolyt-loesung-12-sachets\/","title":{"rendered":"Lytomed Heidelbeer- Elektrolyt-L\u00f6sung 12 Sachets"},"content":{"rendered":"<p>Lytomed Heidelbeer- Elektrolyt-L\u00f6sung ist eine orale Mineralstoff- und Fl\u00fcssigkeitserg\u00e4nzung mit Heidelbeerextrakt zur di\u00e4tetischen Behandlung von akuten Durchfallerkrankungen. F\u00fcr Kinder und Erwachsene gleicherma\u00dfen geeignet.<\/p>\n","protected":false},"excerpt":{"rendered":"<p>Lytomed Heidelbeer- Elektrolyt-L\u00f6sung ist eine orale Mineralstoff- und Fl\u00fcssigkeitserg\u00e4nzung mit Heidelbeerextrakt zur di\u00e4tetischen Behandlung von akuten Durchfallerkrankungen. F\u00fcr Kinder und Erwachsene gleicherma\u00dfen geeignet.<\/p>\n","protected":false},"featured_media":31581,"template":"","meta":{"_acf_changed":false},"product_brand":[],"product_cat":[795],"product_tag":[],"class_list":{"0":"post-31579","1":"product","2":"type-product","3":"status-publish","4":"has-post-thumbnail","6":"product_cat-l","7":"pa_packungsgroesse-12-stueck","9":"first","10":"instock","11":"shipping-taxable","12":"purchasable","13":"product-type-simple"},"acf":[],"_links":{"self":[{"href":"https:\/\/www.ernstbrunn-apotheke.at\/katalog\/wp-json\/wp\/v2\/product\/31579","targetHints":{"allow":["GET"]}}],"collection":[{"href":"https:\/\/www.ernstbrunn-apotheke.at\/katalog\/wp-json\/wp\/v2\/product"}],"about":[{"href":"https:\/\/www.ernstbrunn-apotheke.at\/katalog\/wp-json\/wp\/v2\/types\/product"}],"wp:featuredmedia":[{"embeddable":true,"href":"https:\/\/www.ernstbrunn-apotheke.at\/katalog\/wp-json\/wp\/v2\/media\/31581"}],"wp:attachment":[{"href":"https:\/\/www.ernstbrunn-apotheke.at\/katalog\/wp-json\/wp\/v2\/media?parent=31579"}],"wp:term":[{"taxonomy":"product_brand","embeddable":true,"href":"https:\/\/www.ernstbrunn-apotheke.at\/katalog\/wp-json\/wp\/v2\/product_brand?post=31579"},{"taxonomy":"product_cat","embeddable":true,"href":"https:\/\/www.ernstbrunn-apotheke.at\/katalog\/wp-json\/wp\/v2\/product_cat?post=31579"},{"taxonomy":"product_tag","embeddable":true,"href":"https:\/\/www.ernstbrunn-apotheke.at\/katalog\/wp-json\/wp\/v2\/product_tag?post=31579"}],"curies":[{"name":"wp","href":"https:\/\/api.w.org\/{rel}","templated":true}]}}