{"id":31550,"date":"2025-11-10T11:20:28","date_gmt":"2025-11-10T10:20:28","guid":{"rendered":"https:\/\/www.ernstbrunn-apotheke.at\/katalog\/produkt\/tasectan-250-mg-pulver-gegen-durchfall-fuer-kinder-20-stk\/"},"modified":"2025-12-08T15:16:47","modified_gmt":"2025-12-08T14:16:47","slug":"tasectan-250-mg-pulver-gegen-durchfall-fuer-kinder-20-stk","status":"publish","type":"product","link":"https:\/\/www.ernstbrunn-apotheke.at\/katalog\/produkt\/tasectan-250-mg-pulver-gegen-durchfall-fuer-kinder-20-stk\/","title":{"rendered":"Tasectan 250 mg Pulver gegen Durchfall f\u00fcr Kinder 20 Stk."},"content":{"rendered":"<p>TASECTAN\u00ae 250 mg Pulver wird bei Durchfall unterschiedlicher Ursache angewendet und f\u00fchrt zu einer raschen Abnahme von H\u00e4ufigkeit und Dauer des Durchfalls sowie zur Linderung von Beschwerden, wie Druckgef\u00fchl im Bauch.<\/p>\n","protected":false},"excerpt":{"rendered":"<p>TASECTAN\u00ae 250 mg Pulver wird bei Durchfall unterschiedlicher Ursache angewendet und f\u00fchrt zu einer raschen Abnahme von H\u00e4ufigkeit und Dauer des Durchfalls sowie zur Linderung von Beschwerden, wie Druckgef\u00fchl im Bauch.<\/p>\n","protected":false},"featured_media":31552,"template":"","meta":{"_acf_changed":false},"product_brand":[],"product_cat":[798],"product_tag":[],"class_list":{"0":"post-31550","1":"product","2":"type-product","3":"status-publish","4":"has-post-thumbnail","6":"product_cat-t","7":"pa_packungsgroesse-20-stueck","9":"first","10":"instock","11":"shipping-taxable","12":"purchasable","13":"product-type-simple"},"acf":[],"_links":{"self":[{"href":"https:\/\/www.ernstbrunn-apotheke.at\/katalog\/wp-json\/wp\/v2\/product\/31550","targetHints":{"allow":["GET"]}}],"collection":[{"href":"https:\/\/www.ernstbrunn-apotheke.at\/katalog\/wp-json\/wp\/v2\/product"}],"about":[{"href":"https:\/\/www.ernstbrunn-apotheke.at\/katalog\/wp-json\/wp\/v2\/types\/product"}],"wp:featuredmedia":[{"embeddable":true,"href":"https:\/\/www.ernstbrunn-apotheke.at\/katalog\/wp-json\/wp\/v2\/media\/31552"}],"wp:attachment":[{"href":"https:\/\/www.ernstbrunn-apotheke.at\/katalog\/wp-json\/wp\/v2\/media?parent=31550"}],"wp:term":[{"taxonomy":"product_brand","embeddable":true,"href":"https:\/\/www.ernstbrunn-apotheke.at\/katalog\/wp-json\/wp\/v2\/product_brand?post=31550"},{"taxonomy":"product_cat","embeddable":true,"href":"https:\/\/www.ernstbrunn-apotheke.at\/katalog\/wp-json\/wp\/v2\/product_cat?post=31550"},{"taxonomy":"product_tag","embeddable":true,"href":"https:\/\/www.ernstbrunn-apotheke.at\/katalog\/wp-json\/wp\/v2\/product_tag?post=31550"}],"curies":[{"name":"wp","href":"https:\/\/api.w.org\/{rel}","templated":true}]}}