{"id":31523,"date":"2025-11-10T11:19:50","date_gmt":"2025-11-10T10:19:50","guid":{"rendered":"https:\/\/www.ernstbrunn-apotheke.at\/katalog\/produkt\/tasectan-500-mg-kapseln-15-stk\/"},"modified":"2025-12-08T15:16:38","modified_gmt":"2025-12-08T14:16:38","slug":"tasectan-500-mg-kapseln-15-stk","status":"publish","type":"product","link":"https:\/\/www.ernstbrunn-apotheke.at\/katalog\/produkt\/tasectan-500-mg-kapseln-15-stk\/","title":{"rendered":"Tasectan 500 mg Kapseln 15 Stk."},"content":{"rendered":"<p>Tasectan 500 mg Kaspeln werden bei Durchfall unterschiedlicher Ursache angewendet und f\u00fchren zu einer raschen Abnahme von H\u00e4ufigkeit und Dauer des Durchfalls sowie zur Linderung von Beschwerden, wie Druckgef\u00fchl im Bauch.<\/p>\n","protected":false},"excerpt":{"rendered":"<p>Tasectan 500 mg Kaspeln werden bei Durchfall unterschiedlicher Ursache angewendet und f\u00fchren zu einer raschen Abnahme von H\u00e4ufigkeit und Dauer des Durchfalls sowie zur Linderung von Beschwerden, wie Druckgef\u00fchl im Bauch.<\/p>\n","protected":false},"featured_media":31525,"template":"","meta":{"_acf_changed":false},"product_brand":[],"product_cat":[798],"product_tag":[],"class_list":{"0":"post-31523","1":"product","2":"type-product","3":"status-publish","4":"has-post-thumbnail","6":"product_cat-t","7":"pa_packungsgroesse-15-stueck","9":"first","10":"instock","11":"shipping-taxable","12":"purchasable","13":"product-type-simple"},"acf":[],"_links":{"self":[{"href":"https:\/\/www.ernstbrunn-apotheke.at\/katalog\/wp-json\/wp\/v2\/product\/31523","targetHints":{"allow":["GET"]}}],"collection":[{"href":"https:\/\/www.ernstbrunn-apotheke.at\/katalog\/wp-json\/wp\/v2\/product"}],"about":[{"href":"https:\/\/www.ernstbrunn-apotheke.at\/katalog\/wp-json\/wp\/v2\/types\/product"}],"wp:featuredmedia":[{"embeddable":true,"href":"https:\/\/www.ernstbrunn-apotheke.at\/katalog\/wp-json\/wp\/v2\/media\/31525"}],"wp:attachment":[{"href":"https:\/\/www.ernstbrunn-apotheke.at\/katalog\/wp-json\/wp\/v2\/media?parent=31523"}],"wp:term":[{"taxonomy":"product_brand","embeddable":true,"href":"https:\/\/www.ernstbrunn-apotheke.at\/katalog\/wp-json\/wp\/v2\/product_brand?post=31523"},{"taxonomy":"product_cat","embeddable":true,"href":"https:\/\/www.ernstbrunn-apotheke.at\/katalog\/wp-json\/wp\/v2\/product_cat?post=31523"},{"taxonomy":"product_tag","embeddable":true,"href":"https:\/\/www.ernstbrunn-apotheke.at\/katalog\/wp-json\/wp\/v2\/product_tag?post=31523"}],"curies":[{"name":"wp","href":"https:\/\/api.w.org\/{rel}","templated":true}]}}