{"id":31490,"date":"2025-11-10T11:19:27","date_gmt":"2025-11-10T10:19:27","guid":{"rendered":"https:\/\/www.ernstbrunn-apotheke.at\/katalog\/produkt\/imodium-2-mg-kapseln\/"},"modified":"2025-12-08T15:16:28","modified_gmt":"2025-12-08T14:16:28","slug":"imodium-2-mg-kapseln","status":"publish","type":"product","link":"https:\/\/www.ernstbrunn-apotheke.at\/katalog\/produkt\/imodium-2-mg-kapseln\/","title":{"rendered":"Imodium 2 mg Kapseln"},"content":{"rendered":"<p>Imodium 2 mg Kapseln werden zur Behandlung von akutem Durchfall eingesetzt. Sie normalisieren die \u00fcberm\u00e4\u00dfigen Darmbewegungen, so dass der Stuhl wieder fester und die H\u00e4ufigkeit des Stuhlgangs normalisiert wird. Damit wird einer unn\u00f6tigen Schw\u00e4chung des K\u00f6rpers durch zu gro\u00dfen Fl\u00fcssigkeits- und Elektrolytverlust entgegengewirkt.<\/p>\n","protected":false},"excerpt":{"rendered":"<p>Imodium 2 mg Kapseln werden zur Behandlung von akutem Durchfall eingesetzt. Sie normalisieren die \u00fcberm\u00e4\u00dfigen Darmbewegungen, so dass der Stuhl wieder fester und die H\u00e4ufigkeit des Stuhlgangs normalisiert wird. Damit wird einer unn\u00f6tigen Schw\u00e4chung des K\u00f6rpers durch zu gro\u00dfen Fl\u00fcssigkeits- und Elektrolytverlust entgegengewirkt.<\/p>\n","protected":false},"featured_media":31492,"template":"","meta":{"_acf_changed":false},"product_brand":[834],"product_cat":[823],"product_tag":[],"class_list":{"0":"post-31490","1":"product","2":"type-product","3":"status-publish","4":"has-post-thumbnail","6":"product_brand-imodium","7":"product_cat-i","8":"pa_packungsgroesse-20-stueck","10":"first","11":"instock","12":"shipping-taxable","13":"purchasable","14":"product-type-simple"},"acf":[],"_links":{"self":[{"href":"https:\/\/www.ernstbrunn-apotheke.at\/katalog\/wp-json\/wp\/v2\/product\/31490","targetHints":{"allow":["GET"]}}],"collection":[{"href":"https:\/\/www.ernstbrunn-apotheke.at\/katalog\/wp-json\/wp\/v2\/product"}],"about":[{"href":"https:\/\/www.ernstbrunn-apotheke.at\/katalog\/wp-json\/wp\/v2\/types\/product"}],"wp:featuredmedia":[{"embeddable":true,"href":"https:\/\/www.ernstbrunn-apotheke.at\/katalog\/wp-json\/wp\/v2\/media\/31492"}],"wp:attachment":[{"href":"https:\/\/www.ernstbrunn-apotheke.at\/katalog\/wp-json\/wp\/v2\/media?parent=31490"}],"wp:term":[{"taxonomy":"product_brand","embeddable":true,"href":"https:\/\/www.ernstbrunn-apotheke.at\/katalog\/wp-json\/wp\/v2\/product_brand?post=31490"},{"taxonomy":"product_cat","embeddable":true,"href":"https:\/\/www.ernstbrunn-apotheke.at\/katalog\/wp-json\/wp\/v2\/product_cat?post=31490"},{"taxonomy":"product_tag","embeddable":true,"href":"https:\/\/www.ernstbrunn-apotheke.at\/katalog\/wp-json\/wp\/v2\/product_tag?post=31490"}],"curies":[{"name":"wp","href":"https:\/\/api.w.org\/{rel}","templated":true}]}}