{"id":31486,"date":"2025-11-10T11:19:27","date_gmt":"2025-11-10T10:19:27","guid":{"rendered":"https:\/\/www.ernstbrunn-apotheke.at\/katalog\/produkt\/imodium-akut-2-mg-schmelztabletten-20-stk\/"},"modified":"2025-12-08T15:16:27","modified_gmt":"2025-12-08T14:16:27","slug":"imodium-akut-2-mg-schmelztabletten-20-stk","status":"publish","type":"product","link":"https:\/\/www.ernstbrunn-apotheke.at\/katalog\/produkt\/imodium-akut-2-mg-schmelztabletten-20-stk\/","title":{"rendered":"Imodium akut 2 mg Schmelztabletten 20 Stk."},"content":{"rendered":"<p>Imodium wird zur symptomatischen Behandlung von akuten Durchf\u00e4llen f\u00fcr Jugendliche ab 12 Jahren und Erwachsene verwendet, sofern keine urs\u00e4chliche Therapie zur Verf\u00fcgung steht.<\/p>\n","protected":false},"excerpt":{"rendered":"<p>Imodium wird zur symptomatischen Behandlung von akuten Durchf\u00e4llen f\u00fcr Jugendliche ab 12 Jahren und Erwachsene verwendet, sofern keine urs\u00e4chliche Therapie zur Verf\u00fcgung steht.<\/p>\n","protected":false},"featured_media":31488,"template":"","meta":{"_acf_changed":false},"product_brand":[834],"product_cat":[823],"product_tag":[],"class_list":{"0":"post-31486","1":"product","2":"type-product","3":"status-publish","4":"has-post-thumbnail","6":"product_brand-imodium","7":"product_cat-i","8":"pa_packungsgroesse-10-stueck","9":"pa_packungsgroesse-20-stueck","11":"first","12":"instock","13":"shipping-taxable","14":"purchasable","15":"product-type-simple"},"acf":[],"_links":{"self":[{"href":"https:\/\/www.ernstbrunn-apotheke.at\/katalog\/wp-json\/wp\/v2\/product\/31486","targetHints":{"allow":["GET"]}}],"collection":[{"href":"https:\/\/www.ernstbrunn-apotheke.at\/katalog\/wp-json\/wp\/v2\/product"}],"about":[{"href":"https:\/\/www.ernstbrunn-apotheke.at\/katalog\/wp-json\/wp\/v2\/types\/product"}],"wp:featuredmedia":[{"embeddable":true,"href":"https:\/\/www.ernstbrunn-apotheke.at\/katalog\/wp-json\/wp\/v2\/media\/31488"}],"wp:attachment":[{"href":"https:\/\/www.ernstbrunn-apotheke.at\/katalog\/wp-json\/wp\/v2\/media?parent=31486"}],"wp:term":[{"taxonomy":"product_brand","embeddable":true,"href":"https:\/\/www.ernstbrunn-apotheke.at\/katalog\/wp-json\/wp\/v2\/product_brand?post=31486"},{"taxonomy":"product_cat","embeddable":true,"href":"https:\/\/www.ernstbrunn-apotheke.at\/katalog\/wp-json\/wp\/v2\/product_cat?post=31486"},{"taxonomy":"product_tag","embeddable":true,"href":"https:\/\/www.ernstbrunn-apotheke.at\/katalog\/wp-json\/wp\/v2\/product_tag?post=31486"}],"curies":[{"name":"wp","href":"https:\/\/api.w.org\/{rel}","templated":true}]}}