{"id":31476,"date":"2025-11-10T11:18:55","date_gmt":"2025-11-10T10:18:55","guid":{"rendered":"https:\/\/www.ernstbrunn-apotheke.at\/katalog\/produkt\/optifibre-250-g\/"},"modified":"2025-12-08T15:16:26","modified_gmt":"2025-12-08T14:16:26","slug":"optifibre-250-g","status":"publish","type":"product","link":"https:\/\/www.ernstbrunn-apotheke.at\/katalog\/produkt\/optifibre-250-g\/","title":{"rendered":"OptiFibre 250 g"},"content":{"rendered":"<p>OptiFibre\u00ae ist ein Di\u00e4tetisches Lebensmittel f\u00fcr besondere medizinische Zwecke (Bilanzierte Di\u00e4t) zur di\u00e4tetischen Behandlung von Patienten mit beeintr\u00e4chtigter Darmt\u00e4tigkeit. OptiFibre\u00ae unterst\u00fctzt die Darmt\u00e4tigkeit.<\/p>\n","protected":false},"excerpt":{"rendered":"<p>OptiFibre\u00ae ist ein Di\u00e4tetisches Lebensmittel f\u00fcr besondere medizinische Zwecke (Bilanzierte Di\u00e4t) zur di\u00e4tetischen Behandlung von Patienten mit beeintr\u00e4chtigter Darmt\u00e4tigkeit. OptiFibre\u00ae unterst\u00fctzt die Darmt\u00e4tigkeit.<\/p>\n","protected":false},"featured_media":31478,"template":"","meta":{"_acf_changed":false},"product_brand":[833],"product_cat":[819],"product_tag":[],"class_list":{"0":"post-31476","1":"product","2":"type-product","3":"status-publish","4":"has-post-thumbnail","6":"product_brand-nestle","7":"product_cat-o","8":"pa_farbe-weiss","9":"pa_geschmack-neutral","10":"pa_packungsgroesse-1-stueck","11":"pa_packungsgroesse-6-stueck","13":"first","14":"instock","15":"shipping-taxable","16":"purchasable","17":"product-type-simple"},"acf":[],"_links":{"self":[{"href":"https:\/\/www.ernstbrunn-apotheke.at\/katalog\/wp-json\/wp\/v2\/product\/31476","targetHints":{"allow":["GET"]}}],"collection":[{"href":"https:\/\/www.ernstbrunn-apotheke.at\/katalog\/wp-json\/wp\/v2\/product"}],"about":[{"href":"https:\/\/www.ernstbrunn-apotheke.at\/katalog\/wp-json\/wp\/v2\/types\/product"}],"wp:featuredmedia":[{"embeddable":true,"href":"https:\/\/www.ernstbrunn-apotheke.at\/katalog\/wp-json\/wp\/v2\/media\/31478"}],"wp:attachment":[{"href":"https:\/\/www.ernstbrunn-apotheke.at\/katalog\/wp-json\/wp\/v2\/media?parent=31476"}],"wp:term":[{"taxonomy":"product_brand","embeddable":true,"href":"https:\/\/www.ernstbrunn-apotheke.at\/katalog\/wp-json\/wp\/v2\/product_brand?post=31476"},{"taxonomy":"product_cat","embeddable":true,"href":"https:\/\/www.ernstbrunn-apotheke.at\/katalog\/wp-json\/wp\/v2\/product_cat?post=31476"},{"taxonomy":"product_tag","embeddable":true,"href":"https:\/\/www.ernstbrunn-apotheke.at\/katalog\/wp-json\/wp\/v2\/product_tag?post=31476"}],"curies":[{"name":"wp","href":"https:\/\/api.w.org\/{rel}","templated":true}]}}