{"id":31463,"date":"2025-11-10T11:18:55","date_gmt":"2025-11-10T10:18:55","guid":{"rendered":"https:\/\/www.ernstbrunn-apotheke.at\/katalog\/produkt\/omni-biotic-stress-repair-28-x-3-g\/"},"modified":"2025-12-08T15:16:21","modified_gmt":"2025-12-08T14:16:21","slug":"omni-biotic-stress-repair-28-x-3-g","status":"publish","type":"product","link":"https:\/\/www.ernstbrunn-apotheke.at\/katalog\/produkt\/omni-biotic-stress-repair-28-x-3-g\/","title":{"rendered":"OMNi-BiOTiC Stress Repair 28 x 3 g"},"content":{"rendered":"<p>OMNi-BiOTiC Stress Repair stellt Ihnen \u201eNervenfutter\u201c f\u00fcr Stressphasen zur Verf\u00fcgung: Die speziell ausgew\u00e4hlten, entz\u00fcndungshemmenden Bakterienst\u00e4mme k\u00f6nnen durch Stress verst\u00e4rkte Entz\u00fcndungen im Darm nachhaltig regulieren.<\/p>\n","protected":false},"excerpt":{"rendered":"<p>OMNi-BiOTiC Stress Repair stellt Ihnen \u201eNervenfutter\u201c f\u00fcr Stressphasen zur Verf\u00fcgung: Die speziell ausgew\u00e4hlten, entz\u00fcndungshemmenden Bakterienst\u00e4mme k\u00f6nnen durch Stress verst\u00e4rkte Entz\u00fcndungen im Darm nachhaltig regulieren.<\/p>\n","protected":false},"featured_media":31465,"template":"","meta":{"_acf_changed":false},"product_brand":[832],"product_cat":[819],"product_tag":[],"class_list":{"0":"post-31463","1":"product","2":"type-product","3":"status-publish","4":"has-post-thumbnail","6":"product_brand-omni-biotic","7":"product_cat-o","8":"pa_packungsgroesse-28-stueck","9":"pa_packungsgroesse-56-stueck","10":"pa_packungsgroesse-7-stueck","12":"first","13":"instock","14":"shipping-taxable","15":"purchasable","16":"product-type-simple"},"acf":[],"_links":{"self":[{"href":"https:\/\/www.ernstbrunn-apotheke.at\/katalog\/wp-json\/wp\/v2\/product\/31463","targetHints":{"allow":["GET"]}}],"collection":[{"href":"https:\/\/www.ernstbrunn-apotheke.at\/katalog\/wp-json\/wp\/v2\/product"}],"about":[{"href":"https:\/\/www.ernstbrunn-apotheke.at\/katalog\/wp-json\/wp\/v2\/types\/product"}],"wp:featuredmedia":[{"embeddable":true,"href":"https:\/\/www.ernstbrunn-apotheke.at\/katalog\/wp-json\/wp\/v2\/media\/31465"}],"wp:attachment":[{"href":"https:\/\/www.ernstbrunn-apotheke.at\/katalog\/wp-json\/wp\/v2\/media?parent=31463"}],"wp:term":[{"taxonomy":"product_brand","embeddable":true,"href":"https:\/\/www.ernstbrunn-apotheke.at\/katalog\/wp-json\/wp\/v2\/product_brand?post=31463"},{"taxonomy":"product_cat","embeddable":true,"href":"https:\/\/www.ernstbrunn-apotheke.at\/katalog\/wp-json\/wp\/v2\/product_cat?post=31463"},{"taxonomy":"product_tag","embeddable":true,"href":"https:\/\/www.ernstbrunn-apotheke.at\/katalog\/wp-json\/wp\/v2\/product_tag?post=31463"}],"curies":[{"name":"wp","href":"https:\/\/api.w.org\/{rel}","templated":true}]}}