{"id":31345,"date":"2025-11-10T11:16:53","date_gmt":"2025-11-10T10:16:53","guid":{"rendered":"https:\/\/www.ernstbrunn-apotheke.at\/katalog\/produkt\/aciflovital-plus-250-g-nr-2\/"},"modified":"2025-12-08T15:15:53","modified_gmt":"2025-12-08T14:15:53","slug":"aciflovital-plus-250-g-nr-2","status":"publish","type":"product","link":"https:\/\/www.ernstbrunn-apotheke.at\/katalog\/produkt\/aciflovital-plus-250-g-nr-2\/","title":{"rendered":"Aciflovital Plus 250 g Nr. 2"},"content":{"rendered":"<p>Aciflovital plus Nr. 2 macht Freie Radikale im K\u00f6rper unsch\u00e4dlich, die durch Umweltgifte, Spritzmittelr\u00fcckst\u00e4nde in der Nahrung, zu viel Sonneneinstrahlung, Ozon und Zigarettenrauch entstanden sind und scheidet diese aus.<\/p>\n","protected":false},"excerpt":{"rendered":"<p>Aciflovital plus Nr. 2 macht Freie Radikale im K\u00f6rper unsch\u00e4dlich, die durch Umweltgifte, Spritzmittelr\u00fcckst\u00e4nde in der Nahrung, zu viel Sonneneinstrahlung, Ozon und Zigarettenrauch entstanden sind und scheidet diese aus.<\/p>\n","protected":false},"featured_media":31347,"template":"","meta":{"_acf_changed":false},"product_brand":[],"product_cat":[801],"product_tag":[],"class_list":{"0":"post-31345","1":"product","2":"type-product","3":"status-publish","4":"has-post-thumbnail","6":"product_cat-a","7":"pa_packungsgroesse-250g","9":"first","10":"instock","11":"shipping-taxable","12":"purchasable","13":"product-type-simple"},"acf":[],"_links":{"self":[{"href":"https:\/\/www.ernstbrunn-apotheke.at\/katalog\/wp-json\/wp\/v2\/product\/31345","targetHints":{"allow":["GET"]}}],"collection":[{"href":"https:\/\/www.ernstbrunn-apotheke.at\/katalog\/wp-json\/wp\/v2\/product"}],"about":[{"href":"https:\/\/www.ernstbrunn-apotheke.at\/katalog\/wp-json\/wp\/v2\/types\/product"}],"wp:featuredmedia":[{"embeddable":true,"href":"https:\/\/www.ernstbrunn-apotheke.at\/katalog\/wp-json\/wp\/v2\/media\/31347"}],"wp:attachment":[{"href":"https:\/\/www.ernstbrunn-apotheke.at\/katalog\/wp-json\/wp\/v2\/media?parent=31345"}],"wp:term":[{"taxonomy":"product_brand","embeddable":true,"href":"https:\/\/www.ernstbrunn-apotheke.at\/katalog\/wp-json\/wp\/v2\/product_brand?post=31345"},{"taxonomy":"product_cat","embeddable":true,"href":"https:\/\/www.ernstbrunn-apotheke.at\/katalog\/wp-json\/wp\/v2\/product_cat?post=31345"},{"taxonomy":"product_tag","embeddable":true,"href":"https:\/\/www.ernstbrunn-apotheke.at\/katalog\/wp-json\/wp\/v2\/product_tag?post=31345"}],"curies":[{"name":"wp","href":"https:\/\/api.w.org\/{rel}","templated":true}]}}