{"id":31335,"date":"2025-11-10T11:16:53","date_gmt":"2025-11-10T10:16:53","guid":{"rendered":"https:\/\/www.ernstbrunn-apotheke.at\/katalog\/produkt\/espara-gruener-tee-kapseln-60-stk\/"},"modified":"2025-12-08T15:15:52","modified_gmt":"2025-12-08T14:15:52","slug":"espara-gruener-tee-kapseln-60-stk","status":"publish","type":"product","link":"https:\/\/www.ernstbrunn-apotheke.at\/katalog\/produkt\/espara-gruener-tee-kapseln-60-stk\/","title":{"rendered":"Espara Gr\u00fcner Tee Kapseln 60 Stk."},"content":{"rendered":"<p>Espara Gr\u00fcner Tee Kapseln sind ein Nahrungserg\u00e4nzungsmittel mit Gr\u00fcntee-Extrakt, der sich durch einen hohen Gehalt an Polyphenolen auszeichnet.<\/p>\n","protected":false},"excerpt":{"rendered":"<p>Espara Gr\u00fcner Tee Kapseln sind ein Nahrungserg\u00e4nzungsmittel mit Gr\u00fcntee-Extrakt, der sich durch einen hohen Gehalt an Polyphenolen auszeichnet.<\/p>\n","protected":false},"featured_media":31337,"template":"","meta":{"_acf_changed":false},"product_brand":[383],"product_cat":[794],"product_tag":[],"class_list":{"0":"post-31335","1":"product","2":"type-product","3":"status-publish","4":"has-post-thumbnail","6":"product_brand-espara","7":"product_cat-e","8":"pa_packungsgroesse-60-stueck","10":"first","11":"instock","12":"shipping-taxable","13":"purchasable","14":"product-type-simple"},"acf":[],"_links":{"self":[{"href":"https:\/\/www.ernstbrunn-apotheke.at\/katalog\/wp-json\/wp\/v2\/product\/31335","targetHints":{"allow":["GET"]}}],"collection":[{"href":"https:\/\/www.ernstbrunn-apotheke.at\/katalog\/wp-json\/wp\/v2\/product"}],"about":[{"href":"https:\/\/www.ernstbrunn-apotheke.at\/katalog\/wp-json\/wp\/v2\/types\/product"}],"wp:featuredmedia":[{"embeddable":true,"href":"https:\/\/www.ernstbrunn-apotheke.at\/katalog\/wp-json\/wp\/v2\/media\/31337"}],"wp:attachment":[{"href":"https:\/\/www.ernstbrunn-apotheke.at\/katalog\/wp-json\/wp\/v2\/media?parent=31335"}],"wp:term":[{"taxonomy":"product_brand","embeddable":true,"href":"https:\/\/www.ernstbrunn-apotheke.at\/katalog\/wp-json\/wp\/v2\/product_brand?post=31335"},{"taxonomy":"product_cat","embeddable":true,"href":"https:\/\/www.ernstbrunn-apotheke.at\/katalog\/wp-json\/wp\/v2\/product_cat?post=31335"},{"taxonomy":"product_tag","embeddable":true,"href":"https:\/\/www.ernstbrunn-apotheke.at\/katalog\/wp-json\/wp\/v2\/product_tag?post=31335"}],"curies":[{"name":"wp","href":"https:\/\/api.w.org\/{rel}","templated":true}]}}