{"id":31298,"date":"2025-11-10T11:16:08","date_gmt":"2025-11-10T10:16:08","guid":{"rendered":"https:\/\/www.ernstbrunn-apotheke.at\/katalog\/produkt\/mag-doskar-lactase-kapseln-80-stk-8-000-ie\/"},"modified":"2025-12-08T15:15:47","modified_gmt":"2025-12-08T14:15:47","slug":"mag-doskar-lactase-kapseln-80-stk-8-000-ie","status":"publish","type":"product","link":"https:\/\/www.ernstbrunn-apotheke.at\/katalog\/produkt\/mag-doskar-lactase-kapseln-80-stk-8-000-ie\/","title":{"rendered":"Mag. Doskar Lactase Kapseln 80 Stk. 8.000 ie"},"content":{"rendered":"<p>Mag. Doskar gr\u00fcndete 1980 die Firma &#8222;Pharmazeutische Produkte Mag. Martin Doskar&#8220; aus dem Wissen heraus, was man als Apotheker den Menschen f\u00fcr sinnvolle Angebote zur Steigerung der pers\u00f6nlichen Lebensqualit\u00e4t machen kann. Von Anfang an sollte die Firma nicht nur eine Vertriebsstelle f\u00fcr herk\u00f6mmliche Arzneimittel sein, sondern vor allem auch eigene Produktlinien entwickeln und anbieten.<\/p>\n","protected":false},"excerpt":{"rendered":"<p>Mag. Doskar gr\u00fcndete 1980 die Firma &#8222;Pharmazeutische Produkte Mag. Martin Doskar&#8220; aus dem Wissen heraus, was man als Apotheker den Menschen f\u00fcr sinnvolle Angebote zur Steigerung der pers\u00f6nlichen Lebensqualit\u00e4t machen kann. Von Anfang an sollte die Firma nicht nur eine Vertriebsstelle f\u00fcr herk\u00f6mmliche Arzneimittel sein, sondern vor allem auch eigene Produktlinien entwickeln und anbieten.<\/p>\n","protected":false},"featured_media":31300,"template":"","meta":{"_acf_changed":false},"product_brand":[447],"product_cat":[800],"product_tag":[],"class_list":{"0":"post-31298","1":"product","2":"type-product","3":"status-publish","4":"has-post-thumbnail","6":"product_brand-doskar","7":"product_cat-m","8":"pa_packungsgroesse-80-stueck","10":"first","11":"instock","12":"shipping-taxable","13":"purchasable","14":"product-type-simple"},"acf":[],"_links":{"self":[{"href":"https:\/\/www.ernstbrunn-apotheke.at\/katalog\/wp-json\/wp\/v2\/product\/31298","targetHints":{"allow":["GET"]}}],"collection":[{"href":"https:\/\/www.ernstbrunn-apotheke.at\/katalog\/wp-json\/wp\/v2\/product"}],"about":[{"href":"https:\/\/www.ernstbrunn-apotheke.at\/katalog\/wp-json\/wp\/v2\/types\/product"}],"wp:featuredmedia":[{"embeddable":true,"href":"https:\/\/www.ernstbrunn-apotheke.at\/katalog\/wp-json\/wp\/v2\/media\/31300"}],"wp:attachment":[{"href":"https:\/\/www.ernstbrunn-apotheke.at\/katalog\/wp-json\/wp\/v2\/media?parent=31298"}],"wp:term":[{"taxonomy":"product_brand","embeddable":true,"href":"https:\/\/www.ernstbrunn-apotheke.at\/katalog\/wp-json\/wp\/v2\/product_brand?post=31298"},{"taxonomy":"product_cat","embeddable":true,"href":"https:\/\/www.ernstbrunn-apotheke.at\/katalog\/wp-json\/wp\/v2\/product_cat?post=31298"},{"taxonomy":"product_tag","embeddable":true,"href":"https:\/\/www.ernstbrunn-apotheke.at\/katalog\/wp-json\/wp\/v2\/product_tag?post=31298"}],"curies":[{"name":"wp","href":"https:\/\/api.w.org\/{rel}","templated":true}]}}