{"id":31288,"date":"2025-11-10T11:15:35","date_gmt":"2025-11-10T10:15:35","guid":{"rendered":"https:\/\/www.ernstbrunn-apotheke.at\/katalog\/produkt\/aciflovital-plus-250-g-nr-1\/"},"modified":"2025-12-08T15:15:44","modified_gmt":"2025-12-08T14:15:44","slug":"aciflovital-plus-250-g-nr-1","status":"publish","type":"product","link":"https:\/\/www.ernstbrunn-apotheke.at\/katalog\/produkt\/aciflovital-plus-250-g-nr-1\/","title":{"rendered":"Aciflovital Plus 250 g Nr. 1"},"content":{"rendered":"<p>Aciflovital Plus Nr. 1 reinigt den Darm auf angenehme Weise und unterst\u00fctzt sanft bei Magen- und Verdauungsproblemen. Erleben Sie ein neues Gef\u00fchl der Leichtigkeit. Dieses Produkt ist in 2 Varianten erh\u00e4ltlich.<\/p>\n","protected":false},"excerpt":{"rendered":"<p>Aciflovital Plus Nr. 1 reinigt den Darm auf angenehme Weise und unterst\u00fctzt sanft bei Magen- und Verdauungsproblemen. Erleben Sie ein neues Gef\u00fchl der Leichtigkeit. Dieses Produkt ist in 2 Varianten erh\u00e4ltlich.<\/p>\n","protected":false},"featured_media":31290,"template":"","meta":{"_acf_changed":false},"product_brand":[],"product_cat":[801],"product_tag":[],"class_list":{"0":"post-31288","1":"product","2":"type-product","3":"status-publish","4":"has-post-thumbnail","6":"product_cat-a","7":"pa_packungsgroesse-250g","9":"first","10":"instock","11":"shipping-taxable","12":"purchasable","13":"product-type-simple"},"acf":[],"_links":{"self":[{"href":"https:\/\/www.ernstbrunn-apotheke.at\/katalog\/wp-json\/wp\/v2\/product\/31288","targetHints":{"allow":["GET"]}}],"collection":[{"href":"https:\/\/www.ernstbrunn-apotheke.at\/katalog\/wp-json\/wp\/v2\/product"}],"about":[{"href":"https:\/\/www.ernstbrunn-apotheke.at\/katalog\/wp-json\/wp\/v2\/types\/product"}],"wp:featuredmedia":[{"embeddable":true,"href":"https:\/\/www.ernstbrunn-apotheke.at\/katalog\/wp-json\/wp\/v2\/media\/31290"}],"wp:attachment":[{"href":"https:\/\/www.ernstbrunn-apotheke.at\/katalog\/wp-json\/wp\/v2\/media?parent=31288"}],"wp:term":[{"taxonomy":"product_brand","embeddable":true,"href":"https:\/\/www.ernstbrunn-apotheke.at\/katalog\/wp-json\/wp\/v2\/product_brand?post=31288"},{"taxonomy":"product_cat","embeddable":true,"href":"https:\/\/www.ernstbrunn-apotheke.at\/katalog\/wp-json\/wp\/v2\/product_cat?post=31288"},{"taxonomy":"product_tag","embeddable":true,"href":"https:\/\/www.ernstbrunn-apotheke.at\/katalog\/wp-json\/wp\/v2\/product_tag?post=31288"}],"curies":[{"name":"wp","href":"https:\/\/api.w.org\/{rel}","templated":true}]}}