{"id":31273,"date":"2025-11-10T11:15:35","date_gmt":"2025-11-10T10:15:35","guid":{"rendered":"https:\/\/www.ernstbrunn-apotheke.at\/katalog\/produkt\/gall-pharma-alkala-n-pulver-150-g\/"},"modified":"2025-12-08T15:15:42","modified_gmt":"2025-12-08T14:15:42","slug":"gall-pharma-alkala-n-pulver-150-g","status":"publish","type":"product","link":"https:\/\/www.ernstbrunn-apotheke.at\/katalog\/produkt\/gall-pharma-alkala-n-pulver-150-g\/","title":{"rendered":"Gall Pharma Alkala N Pulver 150 g"},"content":{"rendered":"<p>Gall Pharma Alkala N Pulver ist eine Kombination mit Natriumhydrogencarbonat, Caliumhydrogencarbonat und Natriumcitrat. Das im menschlichen K\u00f6rper vorhandene S\u00e4ure-Basen-Verh\u00e4ltnis hat einen entscheidenden Einfluss auf s\u00e4mtliche Lebensvorg\u00e4nge. Im Idealfall ist dieses Verh\u00e4ltnis ausgeglichen (pH = 7 des Urins). Bei l\u00e4ngerfristiger Verschiebung in den sauren Bereich steigt der Anteil der sauren Stoffwechselprodukte, was zu erheblichen St\u00f6rungen f\u00fchrt. Typische Anzeichen von \u00dcbers\u00e4uerung sind Sodbrennen, saures Aufsto\u00dfen, Bl\u00e4hungen, \u00dcbelkeit, V\u00f6llegef\u00fchl und Magendr\u00fccken. Mit Alkala N Pulver kann diese \u00dcbers\u00e4uerung ausgeglichen werden..<\/p>\n","protected":false},"excerpt":{"rendered":"<p>Gall Pharma Alkala N Pulver ist eine Kombination mit Natriumhydrogencarbonat, Caliumhydrogencarbonat und Natriumcitrat. Das im menschlichen K\u00f6rper vorhandene S\u00e4ure-Basen-Verh\u00e4ltnis hat einen entscheidenden Einfluss auf s\u00e4mtliche Lebensvorg\u00e4nge. Im Idealfall ist dieses Verh\u00e4ltnis ausgeglichen (pH = 7 des Urins). Bei l\u00e4ngerfristiger Verschiebung in den sauren Bereich steigt der Anteil der sauren Stoffwechselprodukte, was zu erheblichen St\u00f6rungen f\u00fchrt. [&hellip;]<\/p>\n","protected":false},"featured_media":31275,"template":"","meta":{"_acf_changed":false},"product_brand":[371],"product_cat":[810],"product_tag":[],"class_list":{"0":"post-31273","1":"product","2":"type-product","3":"status-publish","4":"has-post-thumbnail","6":"product_brand-gall-pharma","7":"product_cat-g","8":"pa_packungsgroesse-150g","10":"first","11":"instock","12":"shipping-taxable","13":"purchasable","14":"product-type-simple"},"acf":[],"_links":{"self":[{"href":"https:\/\/www.ernstbrunn-apotheke.at\/katalog\/wp-json\/wp\/v2\/product\/31273","targetHints":{"allow":["GET"]}}],"collection":[{"href":"https:\/\/www.ernstbrunn-apotheke.at\/katalog\/wp-json\/wp\/v2\/product"}],"about":[{"href":"https:\/\/www.ernstbrunn-apotheke.at\/katalog\/wp-json\/wp\/v2\/types\/product"}],"wp:featuredmedia":[{"embeddable":true,"href":"https:\/\/www.ernstbrunn-apotheke.at\/katalog\/wp-json\/wp\/v2\/media\/31275"}],"wp:attachment":[{"href":"https:\/\/www.ernstbrunn-apotheke.at\/katalog\/wp-json\/wp\/v2\/media?parent=31273"}],"wp:term":[{"taxonomy":"product_brand","embeddable":true,"href":"https:\/\/www.ernstbrunn-apotheke.at\/katalog\/wp-json\/wp\/v2\/product_brand?post=31273"},{"taxonomy":"product_cat","embeddable":true,"href":"https:\/\/www.ernstbrunn-apotheke.at\/katalog\/wp-json\/wp\/v2\/product_cat?post=31273"},{"taxonomy":"product_tag","embeddable":true,"href":"https:\/\/www.ernstbrunn-apotheke.at\/katalog\/wp-json\/wp\/v2\/product_tag?post=31273"}],"curies":[{"name":"wp","href":"https:\/\/api.w.org\/{rel}","templated":true}]}}