{"id":31185,"date":"2025-11-10T11:13:35","date_gmt":"2025-11-10T10:13:35","guid":{"rendered":"https:\/\/www.ernstbrunn-apotheke.at\/katalog\/produkt\/ratiopharm-laxbene-filmtabletten-100-stk\/"},"modified":"2025-12-08T15:15:24","modified_gmt":"2025-12-08T14:15:24","slug":"ratiopharm-laxbene-filmtabletten-100-stk","status":"publish","type":"product","link":"https:\/\/www.ernstbrunn-apotheke.at\/katalog\/produkt\/ratiopharm-laxbene-filmtabletten-100-stk\/","title":{"rendered":"Ratiopharm Laxbene Filmtabletten 100 Stk."},"content":{"rendered":"<p>LAXBENE\u00ae von Ratiopharm ist ein Abf\u00fchrmittel. Durch den Kontakt mit der Schleimhaut des Dickdarms regt es den Stuhlgang an. Dieses Mittel ist in den Packungsgr\u00f6\u00dfen 40 und 100 St\u00fcck erh\u00e4ltlich.<\/p>\n","protected":false},"excerpt":{"rendered":"<p>LAXBENE\u00ae von Ratiopharm ist ein Abf\u00fchrmittel. Durch den Kontakt mit der Schleimhaut des Dickdarms regt es den Stuhlgang an. Dieses Mittel ist in den Packungsgr\u00f6\u00dfen 40 und 100 St\u00fcck erh\u00e4ltlich.<\/p>\n","protected":false},"featured_media":31187,"template":"","meta":{"_acf_changed":false},"product_brand":[381],"product_cat":[808],"product_tag":[],"class_list":{"0":"post-31185","1":"product","2":"type-product","3":"status-publish","4":"has-post-thumbnail","6":"product_brand-ratiopharm","7":"product_cat-r","8":"pa_packungsgroesse-100-stueck","10":"first","11":"instock","12":"shipping-taxable","13":"purchasable","14":"product-type-simple"},"acf":[],"_links":{"self":[{"href":"https:\/\/www.ernstbrunn-apotheke.at\/katalog\/wp-json\/wp\/v2\/product\/31185","targetHints":{"allow":["GET"]}}],"collection":[{"href":"https:\/\/www.ernstbrunn-apotheke.at\/katalog\/wp-json\/wp\/v2\/product"}],"about":[{"href":"https:\/\/www.ernstbrunn-apotheke.at\/katalog\/wp-json\/wp\/v2\/types\/product"}],"wp:featuredmedia":[{"embeddable":true,"href":"https:\/\/www.ernstbrunn-apotheke.at\/katalog\/wp-json\/wp\/v2\/media\/31187"}],"wp:attachment":[{"href":"https:\/\/www.ernstbrunn-apotheke.at\/katalog\/wp-json\/wp\/v2\/media?parent=31185"}],"wp:term":[{"taxonomy":"product_brand","embeddable":true,"href":"https:\/\/www.ernstbrunn-apotheke.at\/katalog\/wp-json\/wp\/v2\/product_brand?post=31185"},{"taxonomy":"product_cat","embeddable":true,"href":"https:\/\/www.ernstbrunn-apotheke.at\/katalog\/wp-json\/wp\/v2\/product_cat?post=31185"},{"taxonomy":"product_tag","embeddable":true,"href":"https:\/\/www.ernstbrunn-apotheke.at\/katalog\/wp-json\/wp\/v2\/product_tag?post=31185"}],"curies":[{"name":"wp","href":"https:\/\/api.w.org\/{rel}","templated":true}]}}